{"id":590,"date":"2020-04-23T09:24:08","date_gmt":"2020-04-23T07:24:08","guid":{"rendered":"https:\/\/makao.qodeinteractive.com\/?page_id=590"},"modified":"2024-01-14T11:40:43","modified_gmt":"2024-01-14T10:40:43","slug":"contact-us","status":"publish","type":"page","link":"https:\/\/annedrugeon.fr\/index.php\/contact-us\/","title":{"rendered":"Formulaire d&rsquo;inscription"},"content":{"rendered":"\t\t<div data-elementor-type=\"wp-page\" data-elementor-id=\"590\" class=\"elementor elementor-590\">\n\t\t\t\t\t\t<section class=\"elementor-section elementor-top-section elementor-element elementor-element-9378fdd elementor-section-full_width qodef-elementor-content-grid elementor-section-height-default elementor-section-height-default\" data-id=\"9378fdd\" data-element_type=\"section\">\n\t\t\t\t\t\t<div class=\"elementor-container elementor-column-gap-default\">\n\t\t\t\t\t<div class=\"elementor-column elementor-col-50 elementor-top-column elementor-element elementor-element-72bf46d\" data-id=\"72bf46d\" data-element_type=\"column\">\n\t\t\t<div class=\"elementor-widget-wrap elementor-element-populated\">\n\t\t\t\t\t\t<div class=\"elementor-element elementor-element-96b201e elementor-widget elementor-widget-makao_core_section_title\" data-id=\"96b201e\" data-element_type=\"widget\" data-widget_type=\"makao_core_section_title.default\">\n\t\t\t\t<div class=\"elementor-widget-container\">\n\t\t\t<div class=\"qodef-shortcode qodef-m  qodef-section-title qodef-alignment--left  \">\n    \t\t<h3 class=\"qodef-m-title\" >\n\t\t\t\t\tOur Infos\t\t\t<\/h3>\n    \t<p class=\"qodef-m-text\" style=\"margin-top: 22px\">Lorem ipsum dolor sit amet, consectetur a elit. In ut ullamcorper leo, eget euismod orci. Cum sociis natoque <\/p>\n    <\/div>\t\t<\/div>\n\t\t\t\t<\/div>\n\t\t\t\t<div class=\"elementor-element elementor-element-9ca651e elementor-widget elementor-widget-spacer\" data-id=\"9ca651e\" data-element_type=\"widget\" data-widget_type=\"spacer.default\">\n\t\t\t\t<div class=\"elementor-widget-container\">\n\t\t\t\t\t<div class=\"elementor-spacer\">\n\t\t\t<div class=\"elementor-spacer-inner\"><\/div>\n\t\t<\/div>\n\t\t\t\t<\/div>\n\t\t\t\t<\/div>\n\t\t\t\t<div class=\"elementor-element elementor-element-d5dc562 elementor-widget elementor-widget-makao_core_icon_list_item\" data-id=\"d5dc562\" data-element_type=\"widget\" data-widget_type=\"makao_core_icon_list_item.default\">\n\t\t\t\t<div class=\"elementor-widget-container\">\n\t\t\t<div class=\"qodef-icon-list-item qodef-icon--icon-pack\" >\n\t<p class=\"qodef-e-title\" style=\"color: #666666\">\n\t\t\t\t\t<a itemprop=\"url\" href=\"https:\/\/www.google.com\/maps\/place\/798+SW+2nd+Ave,+Miami,+FL+33130,+USA\/data=!4m2!3m1!1s0x88d9b68574f4f1c9:0xfd836d46368fab8e?sa=X&#038;ved=2ahUKEwi9-Nn_ov7oAhVQx4sKHZD5AhkQ8gEwAHoECAwQAQ\" target=\"_blank\">\n\t\t\t\t\t<span class=\"qodef-e-title-inner\">\n\t\t\t\t<span class=\"qodef-shortcode qodef-m  qodef-icon-holder qodef-size--tiny qodef-layout--normal\"  >\t        <span class=\"qodef-icon-simple-line-icons icon-location-pin qodef-icon qodef-e\" style=\"color: #333333;font-size: 15px\" ><\/span>    <\/span>\t\t\t\t<span class=\"qodef-e-title-text\" style=\"margin: 0 0 0 10px\">798 SW 2nd Ave, Miami, FL 33130<\/span>\n\t\t\t<\/span>\n\t\t\t\t\t<\/a>\n\t\t\t<\/p>\n<\/div>\t\t<\/div>\n\t\t\t\t<\/div>\n\t\t\t\t<div class=\"elementor-element elementor-element-4506951 elementor-widget elementor-widget-spacer\" data-id=\"4506951\" data-element_type=\"widget\" data-widget_type=\"spacer.default\">\n\t\t\t\t<div class=\"elementor-widget-container\">\n\t\t\t\t\t<div class=\"elementor-spacer\">\n\t\t\t<div class=\"elementor-spacer-inner\"><\/div>\n\t\t<\/div>\n\t\t\t\t<\/div>\n\t\t\t\t<\/div>\n\t\t\t\t<div class=\"elementor-element elementor-element-0b6ad22 elementor-widget elementor-widget-makao_core_icon_list_item\" data-id=\"0b6ad22\" data-element_type=\"widget\" data-widget_type=\"makao_core_icon_list_item.default\">\n\t\t\t\t<div class=\"elementor-widget-container\">\n\t\t\t<div class=\"qodef-icon-list-item qodef-icon--icon-pack\" >\n\t<p class=\"qodef-e-title\" style=\"color: #666666\">\n\t\t\t\t\t<a itemprop=\"url\" href=\"https:\/\/www.google.com\/maps\/place\/1498+Bryant+St,+San+Francisco,+CA+94103,+USA\/data=!4m2!3m1!1s0x808f7e2f1720e73b:0xb373a7a53c596dae?sa=X&#038;ved=2ahUKEwjw6ZCopf7oAhWCxosKHc8YDHoQ8gEwAHoECAwQAQ\" target=\"_blank\">\n\t\t\t\t\t<span class=\"qodef-e-title-inner\">\n\t\t\t\t<span class=\"qodef-shortcode qodef-m  qodef-icon-holder qodef-size--tiny qodef-layout--normal\"  >\t        <span class=\"qodef-icon-simple-line-icons icon-location-pin qodef-icon qodef-e\" style=\"color: #333333;font-size: 15px\" ><\/span>    <\/span>\t\t\t\t<span class=\"qodef-e-title-text\" style=\"margin: 0 0 0 10px\">1498 Bryant St, San Francisco, CA 94103<\/span>\n\t\t\t<\/span>\n\t\t\t\t\t<\/a>\n\t\t\t<\/p>\n<\/div>\t\t<\/div>\n\t\t\t\t<\/div>\n\t\t\t\t<div class=\"elementor-element elementor-element-07ad88e elementor-widget elementor-widget-spacer\" data-id=\"07ad88e\" data-element_type=\"widget\" data-widget_type=\"spacer.default\">\n\t\t\t\t<div class=\"elementor-widget-container\">\n\t\t\t\t\t<div class=\"elementor-spacer\">\n\t\t\t<div class=\"elementor-spacer-inner\"><\/div>\n\t\t<\/div>\n\t\t\t\t<\/div>\n\t\t\t\t<\/div>\n\t\t\t\t<div class=\"elementor-element elementor-element-22c66d3 elementor-widget elementor-widget-makao_core_icon_list_item\" data-id=\"22c66d3\" data-element_type=\"widget\" data-widget_type=\"makao_core_icon_list_item.default\">\n\t\t\t\t<div class=\"elementor-widget-container\">\n\t\t\t<div class=\"qodef-icon-list-item qodef-icon--icon-pack\" >\n\t<p class=\"qodef-e-title\" style=\"color: #666666\">\n\t\t\t\t\t<a itemprop=\"url\" href=\"mailto:\" target=\"_blank\">\n\t\t\t\t\t<span class=\"qodef-e-title-inner\">\n\t\t\t\t<span class=\"qodef-shortcode qodef-m  qodef-icon-holder qodef-size--tiny qodef-layout--normal\"  >\t        <span class=\"qodef-icon-simple-line-icons icon-envelope qodef-icon qodef-e\" style=\"color: #333333;font-size: 15px\" ><\/span>    <\/span>\t\t\t\t<span class=\"qodef-e-title-text\" style=\"margin: 0 0 0 10px\">makao-fashion@email.com<\/span>\n\t\t\t<\/span>\n\t\t\t\t\t<\/a>\n\t\t\t<\/p>\n<\/div>\t\t<\/div>\n\t\t\t\t<\/div>\n\t\t\t\t<div class=\"elementor-element elementor-element-d5f800d elementor-widget elementor-widget-spacer\" data-id=\"d5f800d\" data-element_type=\"widget\" data-widget_type=\"spacer.default\">\n\t\t\t\t<div class=\"elementor-widget-container\">\n\t\t\t\t\t<div class=\"elementor-spacer\">\n\t\t\t<div class=\"elementor-spacer-inner\"><\/div>\n\t\t<\/div>\n\t\t\t\t<\/div>\n\t\t\t\t<\/div>\n\t\t\t\t<div class=\"elementor-element elementor-element-0b6d747 elementor-widget elementor-widget-makao_core_icon_list_item\" data-id=\"0b6d747\" data-element_type=\"widget\" data-widget_type=\"makao_core_icon_list_item.default\">\n\t\t\t\t<div class=\"elementor-widget-container\">\n\t\t\t<div class=\"qodef-icon-list-item qodef-icon--icon-pack\" >\n\t<p class=\"qodef-e-title\" style=\"color: #666666\">\n\t\t\t\t\t<a itemprop=\"url\" href=\"tel:+45674185233\" target=\"_blank\">\n\t\t\t\t\t<span class=\"qodef-e-title-inner\">\n\t\t\t\t<span class=\"qodef-shortcode qodef-m  qodef-icon-holder qodef-size--tiny qodef-layout--normal\"  >\t        <span class=\"qodef-icon-simple-line-icons icon-call-end qodef-icon qodef-e\" style=\"color: #333333;font-size: 15px\" ><\/span>    <\/span>\t\t\t\t<span class=\"qodef-e-title-text\" style=\"margin: 0 0 0 10px\">+456 741 852 33<\/span>\n\t\t\t<\/span>\n\t\t\t\t\t<\/a>\n\t\t\t<\/p>\n<\/div>\t\t<\/div>\n\t\t\t\t<\/div>\n\t\t\t\t<div class=\"elementor-element elementor-element-e5d158c elementor-widget elementor-widget-spacer\" data-id=\"e5d158c\" data-element_type=\"widget\" data-widget_type=\"spacer.default\">\n\t\t\t\t<div class=\"elementor-widget-container\">\n\t\t\t\t\t<div class=\"elementor-spacer\">\n\t\t\t<div class=\"elementor-spacer-inner\"><\/div>\n\t\t<\/div>\n\t\t\t\t<\/div>\n\t\t\t\t<\/div>\n\t\t\t\t<div class=\"elementor-element elementor-element-00aeff3 elementor-widget elementor-widget-text-editor\" data-id=\"00aeff3\" data-element_type=\"widget\" data-widget_type=\"text-editor.default\">\n\t\t\t\t<div class=\"elementor-widget-container\">\n\t\t\t\t\t\t\t<p>Don\u2019t forget to follow us<\/p>\t\t\t\t\t\t<\/div>\n\t\t\t\t<\/div>\n\t\t\t\t<div class=\"elementor-element elementor-element-9e20f9f elementor-widget__width-auto qodef-custom-links elementor-widget elementor-widget-text-editor\" data-id=\"9e20f9f\" data-element_type=\"widget\" data-widget_type=\"text-editor.default\">\n\t\t\t\t<div class=\"elementor-widget-container\">\n\t\t\t\t\t\t\t<a href=\"https:\/\/www.facebook.com\/QodeInteractive\/\" target=\"_blank\" rel=\"noopener\"><span style=\"color: #333333; font-size: 11px; font-weight: bold; letter-spacing: 0.2em;\">FB<\/span><\/a>\t\t\t\t\t\t<\/div>\n\t\t\t\t<\/div>\n\t\t\t\t<div class=\"elementor-element elementor-element-fc068f8 elementor-widget__width-auto qodef-custom-links elementor-widget elementor-widget-text-editor\" data-id=\"fc068f8\" data-element_type=\"widget\" data-widget_type=\"text-editor.default\">\n\t\t\t\t<div class=\"elementor-widget-container\">\n\t\t\t\t\t\t\t<a href=\"https:\/\/twitter.com\/QodeInteractive\" target=\"_blank\" rel=\"noopener\"><span style=\"color: #333333; font-size: 11px; font-weight: bold; letter-spacing: 0.2em;\">TW<\/span><\/a>\t\t\t\t\t\t<\/div>\n\t\t\t\t<\/div>\n\t\t\t\t<div class=\"elementor-element elementor-element-a5a8586 elementor-widget__width-auto qodef-custom-links elementor-widget elementor-widget-text-editor\" data-id=\"a5a8586\" data-element_type=\"widget\" data-widget_type=\"text-editor.default\">\n\t\t\t\t<div class=\"elementor-widget-container\">\n\t\t\t\t\t\t\t<a href=\"https:\/\/www.linkedin.com\/company\/qode-themes\/\" target=\"_blank\" rel=\"noopener\"><span style=\"color: #333333; font-size: 11px; font-weight: 700; letter-spacing: 0.2em;\">IN<\/span><\/a>\t\t\t\t\t\t<\/div>\n\t\t\t\t<\/div>\n\t\t\t\t\t<\/div>\n\t\t<\/div>\n\t\t\t\t<div class=\"elementor-column elementor-col-50 elementor-top-column elementor-element elementor-element-2e65089\" data-id=\"2e65089\" data-element_type=\"column\">\n\t\t\t<div class=\"elementor-widget-wrap elementor-element-populated\">\n\t\t\t\t\t\t<div class=\"elementor-element elementor-element-e70b5cb elementor-widget elementor-widget-makao_core_google_map\" data-id=\"e70b5cb\" data-element_type=\"widget\" data-widget_type=\"makao_core_google_map.default\">\n\t\t\t\t<div class=\"elementor-widget-container\">\n\t\t\t<div class=\"qodef-shortcode qodef-m  qodef-google-map\">\n\t<div class=\"qodef-m-map\" id=\"qodef-map-id--1\" data-addresses='[\"1498 Bryant St, San Francisco, CA 94103, USA\"]' data-pin=https:\/\/annedrugeon.fr\/wp-content\/uploads\/revslider\/landing-top\/land-rev1-img-6.jpg data-unique-id=1 data-height=440><\/div>\n<\/div>\t\t<\/div>\n\t\t\t\t<\/div>\n\t\t\t\t\t<\/div>\n\t\t<\/div>\n\t\t\t\t\t<\/div>\n\t\t<\/section>\n\t\t\t\t<section class=\"elementor-section elementor-top-section elementor-element elementor-element-f07a567 elementor-section-full_width elementor-section-content-middle qodef-elementor-content-grid elementor-section-height-default elementor-section-height-default\" data-id=\"f07a567\" data-element_type=\"section\">\n\t\t\t\t\t\t<div class=\"elementor-container elementor-column-gap-default\">\n\t\t\t\t\t<div class=\"elementor-column elementor-col-50 elementor-top-column elementor-element elementor-element-d2c08c9\" data-id=\"d2c08c9\" data-element_type=\"column\">\n\t\t\t<div class=\"elementor-widget-wrap elementor-element-populated\">\n\t\t\t\t\t\t<div class=\"elementor-element elementor-element-7774055 elementor-widget elementor-widget-image\" data-id=\"7774055\" data-element_type=\"widget\" data-widget_type=\"image.default\">\n\t\t\t\t<div class=\"elementor-widget-container\">\n\t\t\t\t\t\t\t\t\t\t\t\t\t<img decoding=\"async\" src=\"https:\/\/makao.qodeinteractive.com\/wp-content\/uploads\/2020\/04\/p3-img-1.jpg\" title=\"\" alt=\"\" loading=\"lazy\" \/>\t\t\t\t\t\t\t\t\t\t\t\t\t<\/div>\n\t\t\t\t<\/div>\n\t\t\t\t\t<\/div>\n\t\t<\/div>\n\t\t\t\t<div class=\"elementor-column elementor-col-50 elementor-top-column elementor-element elementor-element-14bb181\" data-id=\"14bb181\" data-element_type=\"column\">\n\t\t\t<div class=\"elementor-widget-wrap elementor-element-populated\">\n\t\t\t\t\t\t<div class=\"elementor-element elementor-element-95daae9 elementor-widget elementor-widget-makao_core_section_title\" data-id=\"95daae9\" data-element_type=\"widget\" data-widget_type=\"makao_core_section_title.default\">\n\t\t\t\t<div class=\"elementor-widget-container\">\n\t\t\t<div class=\"qodef-shortcode qodef-m  qodef-section-title qodef-alignment--left  \">\n    \t\t<h3 class=\"qodef-m-title\" >\n\t\t\t\t\tFiche de renseignement\t\t\t<\/h3>\n        <\/div>\t\t<\/div>\n\t\t\t\t<\/div>\n\t\t\t\t<div class=\"elementor-element elementor-element-b1ce924 elementor-widget elementor-widget-spacer\" data-id=\"b1ce924\" data-element_type=\"widget\" data-widget_type=\"spacer.default\">\n\t\t\t\t<div class=\"elementor-widget-container\">\n\t\t\t\t\t<div class=\"elementor-spacer\">\n\t\t\t<div class=\"elementor-spacer-inner\"><\/div>\n\t\t<\/div>\n\t\t\t\t<\/div>\n\t\t\t\t<\/div>\n\t\t\t\t<div class=\"elementor-element elementor-element-ad36666 elementor-widget elementor-widget-wp-widget-makao_core_contact_form_7\" data-id=\"ad36666\" data-element_type=\"widget\" data-widget_type=\"wp-widget-makao_core_contact_form_7.default\">\n\t\t\t\t<div class=\"elementor-widget-container\">\n\t\t\t\t\t\t<div class=\"qodef-contact-form-7\">\n\t\t\t\t\n<div class=\"wpcf7 no-js\" id=\"wpcf7-f4460-o1\" lang=\"fr-FR\" dir=\"ltr\">\n<div class=\"screen-reader-response\"><p role=\"status\" aria-live=\"polite\" aria-atomic=\"true\"><\/p> <ul><\/ul><\/div>\n<form action=\"\/index.php\/wp-json\/wp\/v2\/pages\/590#wpcf7-f4460-o1\" method=\"post\" class=\"wpcf7-form init\" aria-label=\"Formulaire de contact\" novalidate=\"novalidate\" data-status=\"init\">\n<div style=\"display: none;\">\n<input type=\"hidden\" name=\"_wpcf7\" value=\"4460\" \/>\n<input type=\"hidden\" name=\"_wpcf7_version\" value=\"5.9.8\" \/>\n<input type=\"hidden\" name=\"_wpcf7_locale\" value=\"fr_FR\" \/>\n<input type=\"hidden\" name=\"_wpcf7_unit_tag\" value=\"wpcf7-f4460-o1\" \/>\n<input type=\"hidden\" name=\"_wpcf7_container_post\" value=\"0\" \/>\n<input type=\"hidden\" name=\"_wpcf7_posted_data_hash\" value=\"\" \/>\n<\/div>\n<p><label> Votre nom<br \/>\n<span class=\"wpcf7-form-control-wrap\" data-name=\"your-name\"><input size=\"40\" maxlength=\"400\" class=\"wpcf7-form-control wpcf7-text wpcf7-validates-as-required\" aria-required=\"true\" aria-invalid=\"false\" value=\"\" type=\"text\" name=\"your-name\" \/><\/span> <\/label>\n<\/p>\n<p><label> Votre pr\u00e9nom<br \/>\n<span class=\"wpcf7-form-control-wrap\" data-name=\"your-name\"><input size=\"40\" maxlength=\"400\" class=\"wpcf7-form-control wpcf7-text wpcf7-validates-as-required\" aria-required=\"true\" aria-invalid=\"false\" value=\"\" type=\"text\" name=\"your-name\" \/><\/span> <\/label>\n<\/p>\n<p><label> Votre e-mail<br \/>\n<span class=\"wpcf7-form-control-wrap\" data-name=\"your-email\"><input size=\"40\" maxlength=\"400\" class=\"wpcf7-form-control wpcf7-email wpcf7-validates-as-required wpcf7-text wpcf7-validates-as-email\" aria-required=\"true\" aria-invalid=\"false\" value=\"\" type=\"email\" name=\"your-email\" \/><\/span> <\/label>\n<\/p>\n<p><label> Votre num\u00e9ro de t\u00e9l\u00e9phone<br \/>\n<span class=\"wpcf7-form-control-wrap\" data-name=\"your-email\"><input size=\"40\" maxlength=\"400\" class=\"wpcf7-form-control wpcf7-email wpcf7-validates-as-required wpcf7-text wpcf7-validates-as-email\" aria-required=\"true\" aria-invalid=\"false\" value=\"\" type=\"email\" name=\"your-email\" \/><\/span> <\/label>\n<\/p>\n<p><label> Titre du stage souhait\u00e9<br \/>\n<span class=\"wpcf7-form-control-wrap\" data-name=\"your-email\"><input size=\"40\" maxlength=\"400\" class=\"wpcf7-form-control wpcf7-email wpcf7-validates-as-required wpcf7-text wpcf7-validates-as-email\" aria-required=\"true\" aria-invalid=\"false\" value=\"\" type=\"email\" name=\"your-email\" \/><\/span> <\/label>\n<\/p>\n<p><label> Date du stage souhait\u00e9<br \/>\n<span class=\"wpcf7-form-control-wrap\" data-name=\"your-subject\"><input size=\"40\" maxlength=\"400\" class=\"wpcf7-form-control wpcf7-text wpcf7-validates-as-required\" aria-required=\"true\" aria-invalid=\"false\" value=\"\" type=\"text\" name=\"your-subject\" \/><\/span> <\/label>\n<\/p>\n<p><label> Votre message (facultatif)<br \/>\n<span class=\"wpcf7-form-control-wrap\" data-name=\"your-message\"><textarea cols=\"40\" rows=\"10\" maxlength=\"2000\" class=\"wpcf7-form-control wpcf7-textarea\" aria-invalid=\"false\" name=\"your-message\"><\/textarea><\/span> <\/label>\n<\/p>\n<p><button class=\"wpcf7-form-control wpcf7-submit qodef-button qodef-size--normal qodef-layout--filled qodef-m\" type=\"submit\"><span class=\"qodef-m-text\">Envoyer<\/span><\/button>\n<\/p><div class=\"wpcf7-response-output\" aria-hidden=\"true\"><\/div>\n<\/form>\n<\/div>\n\t\t\t<\/div>\n\t\t\t\t\t<\/div>\n\t\t\t\t<\/div>\n\t\t\t\t\t<\/div>\n\t\t<\/div>\n\t\t\t\t\t<\/div>\n\t\t<\/section>\n\t\t\t\t<section class=\"elementor-section elementor-top-section elementor-element elementor-element-e9af7c9 elementor-section-boxed elementor-section-height-default elementor-section-height-default qodef-elementor-content-no\" data-id=\"e9af7c9\" data-element_type=\"section\">\n\t\t\t\t\t\t<div class=\"elementor-container elementor-column-gap-default\">\n\t\t\t\t\t<div class=\"elementor-column elementor-col-100 elementor-top-column elementor-element elementor-element-bf084f0\" data-id=\"bf084f0\" data-element_type=\"column\">\n\t\t\t<div class=\"elementor-widget-wrap elementor-element-populated\">\n\t\t\t\t\t\t<div class=\"elementor-element elementor-element-fc6d83c elementor-align-center elementor-widget elementor-widget-button\" data-id=\"fc6d83c\" data-element_type=\"widget\" data-widget_type=\"button.default\">\n\t\t\t\t<div class=\"elementor-widget-container\">\n\t\t\t\t\t<div class=\"elementor-button-wrapper\">\n\t\t\t<a class=\"elementor-button elementor-button-link elementor-size-sm\" href=\"#\">\n\t\t\t\t\t\t<span class=\"elementor-button-content-wrapper\">\n\t\t\t\t\t\t<span class=\"elementor-button-icon\">\n\t\t\t\t<svg xmlns=\"http:\/\/www.w3.org\/2000\/svg\" xmlns:xlink=\"http:\/\/www.w3.org\/1999\/xlink\" id=\"Capa_1\" x=\"0px\" y=\"0px\" width=\"550.801px\" height=\"550.801px\" viewBox=\"0 0 550.801 550.801\" style=\"enable-background:new 0 0 550.801 550.801;\" xml:space=\"preserve\"><g>\t<path d=\"M488.426,197.019H475.2v-63.816c0-0.398-0.063-0.799-0.116-1.202c-0.021-2.534-0.827-5.023-2.562-6.995L366.325,3.694   c-0.032-0.031-0.063-0.042-0.085-0.076c-0.633-0.707-1.371-1.295-2.151-1.804c-0.231-0.155-0.464-0.285-0.706-0.419   c-0.676-0.369-1.393-0.675-2.131-0.896c-0.2-0.056-0.38-0.138-0.58-0.19C359.87,0.119,359.037,0,358.193,0H97.2   c-11.918,0-21.6,9.693-21.6,21.601v175.413H62.377c-17.049,0-30.873,13.818-30.873,30.873v160.545   c0,17.043,13.824,30.87,30.873,30.87h13.224V529.2c0,11.907,9.682,21.601,21.6,21.601h356.4c11.907,0,21.6-9.693,21.6-21.601   V419.302h13.226c17.044,0,30.871-13.827,30.871-30.87v-160.54C519.297,210.838,505.47,197.019,488.426,197.019z M97.2,21.605   h250.193v110.513c0,5.967,4.841,10.8,10.8,10.8h95.407v54.108H97.2V21.605z M338.871,225.672L284.545,386.96h-42.591   l-51.69-161.288h39.967l19.617,68.196c5.508,19.143,10.531,37.567,14.36,57.67h0.717c4.061-19.385,9.089-38.527,14.592-56.953   l20.585-68.918h38.77V225.672z M68.458,379.54l7.415-30.153c9.811,5.021,24.888,10.051,40.439,10.051   c16.751,0,25.607-6.935,25.607-17.465c0-10.052-7.662-15.795-27.05-22.734c-26.8-9.328-44.263-24.168-44.263-47.611   c0-27.524,22.971-48.579,61.014-48.579c18.188,0,31.591,3.823,41.159,8.131l-8.126,29.437c-6.465-3.116-17.945-7.657-33.745-7.657   c-15.791,0-23.454,7.183-23.454,15.552c0,10.296,9.089,14.842,29.917,22.731c28.468,10.536,41.871,25.365,41.871,48.094   c0,27.042-20.812,50.013-65.09,50.013C95.731,389.349,77.538,384.571,68.458,379.54z M453.601,523.353H97.2V419.302h356.4V523.353z    M488.911,379.54c-11.243,3.823-32.537,9.103-53.831,9.103c-29.437,0-50.73-7.426-65.57-21.779   c-14.839-13.875-22.971-34.942-22.738-58.625c0.253-53.604,39.255-84.235,92.137-84.235c20.81,0,36.852,4.073,44.74,7.896   l-7.657,29.202c-8.859-3.829-19.849-6.95-37.567-6.95c-30.396,0-53.357,17.233-53.357,52.173c0,33.265,20.81,52.882,50.73,52.882   c8.375,0,15.072-0.96,17.94-2.395v-33.745h-24.875v-28.471h60.049V379.54L488.911,379.54z\"><\/path><\/g><g><\/g><g><\/g><g><\/g><g><\/g><g><\/g><g><\/g><g><\/g><g><\/g><g><\/g><g><\/g><g><\/g><g><\/g><g><\/g><g><\/g><g><\/g><\/svg>\t\t\t<\/span>\n\t\t\t\t\t\t\t\t\t<span class=\"elementor-button-text\">Cliquez ici<\/span>\n\t\t\t\t\t<\/span>\n\t\t\t\t\t<\/a>\n\t\t<\/div>\n\t\t\t\t<\/div>\n\t\t\t\t<\/div>\n\t\t\t\t\t<\/div>\n\t\t<\/div>\n\t\t\t\t\t<\/div>\n\t\t<\/section>\n\t\t\t\t<\/div>\n\t\t","protected":false},"excerpt":{"rendered":"<p>Our Infos Lorem ipsum dolor sit amet, consectetur a elit. In ut ullamcorper leo, eget euismod orci. Cum sociis natoque 798 SW 2nd Ave, Miami, FL 33130 1498 Bryant St, San Francisco, CA 94103 makao-fashion@email.com +456 741 852 33 Don\u2019t forget to follow us FBTWIN Fiche de renseignement Cliquez ici<\/p>\n","protected":false},"author":1,"featured_media":0,"parent":0,"menu_order":0,"comment_status":"closed","ping_status":"closed","template":"page-full-width.php","meta":{"footnotes":""},"_links":{"self":[{"href":"https:\/\/annedrugeon.fr\/index.php\/wp-json\/wp\/v2\/pages\/590"}],"collection":[{"href":"https:\/\/annedrugeon.fr\/index.php\/wp-json\/wp\/v2\/pages"}],"about":[{"href":"https:\/\/annedrugeon.fr\/index.php\/wp-json\/wp\/v2\/types\/page"}],"author":[{"embeddable":true,"href":"https:\/\/annedrugeon.fr\/index.php\/wp-json\/wp\/v2\/users\/1"}],"replies":[{"embeddable":true,"href":"https:\/\/annedrugeon.fr\/index.php\/wp-json\/wp\/v2\/comments?post=590"}],"version-history":[{"count":14,"href":"https:\/\/annedrugeon.fr\/index.php\/wp-json\/wp\/v2\/pages\/590\/revisions"}],"predecessor-version":[{"id":6391,"href":"https:\/\/annedrugeon.fr\/index.php\/wp-json\/wp\/v2\/pages\/590\/revisions\/6391"}],"wp:attachment":[{"href":"https:\/\/annedrugeon.fr\/index.php\/wp-json\/wp\/v2\/media?parent=590"}],"curies":[{"name":"wp","href":"https:\/\/api.w.org\/{rel}","templated":true}]}}