{"id":5726,"date":"2021-08-12T21:37:46","date_gmt":"2021-08-12T19:37:46","guid":{"rendered":"http:\/\/annedrugeon.com\/?page_id=5726"},"modified":"2024-01-14T11:38:49","modified_gmt":"2024-01-14T10:38:49","slug":"sur-mesure","status":"publish","type":"page","link":"https:\/\/annedrugeon.fr\/index.php\/sur-mesure\/","title":{"rendered":"Sur mesure"},"content":{"rendered":"\t\t<div data-elementor-type=\"wp-page\" data-elementor-id=\"5726\" class=\"elementor elementor-5726\">\n\t\t\t\t\t\t<section class=\"elementor-section elementor-top-section elementor-element elementor-element-bf3812b elementor-section-boxed elementor-section-height-default elementor-section-height-default qodef-elementor-content-no\" data-id=\"bf3812b\" data-element_type=\"section\">\n\t\t\t\t\t\t<div class=\"elementor-container elementor-column-gap-default\">\n\t\t\t\t\t<div class=\"elementor-column elementor-col-100 elementor-top-column elementor-element elementor-element-766801f\" data-id=\"766801f\" data-element_type=\"column\">\n\t\t\t<div class=\"elementor-widget-wrap elementor-element-populated\">\n\t\t\t\t\t\t<div class=\"elementor-element elementor-element-70c187f elementor-widget elementor-widget-text-editor\" data-id=\"70c187f\" data-element_type=\"widget\" data-widget_type=\"text-editor.default\">\n\t\t\t\t<div class=\"elementor-widget-container\">\n\t\t\t\t\t\t\t<h2>Sur mesure<\/h2><p>Je r\u00e9alise \u00e9galement des projets personnalis\u00e9s, \u00e0 la demande.<\/p><p>Racontez -moi\u00a0 votre histoires et vos envies et et je vous ferai une proposition de projet.<\/p><p>Exemple ici\u00a0:<\/p><p>Cr\u00e9ation d\u2019une parure de mariage \u00e9voquant une rencontre autour de la danse et du toucher.<\/p><p>Cr\u00e9ation de broches pour les invit\u00e9s\u00a0: c\u0153urs pour les femmes et cercles pour les hommes<\/p><p>R\u00e9alisation d\u2019une coupelle \u00e9maill\u00e9e pour les alliances<\/p><p>Vous pouvez me contacter par mail\u00a0: annedrugeon.ceramique@gmail.com<\/p>\t\t\t\t\t\t<\/div>\n\t\t\t\t<\/div>\n\t\t\t\t\t<\/div>\n\t\t<\/div>\n\t\t\t\t\t<\/div>\n\t\t<\/section>\n\t\t\t\t<section class=\"elementor-section elementor-top-section elementor-element elementor-element-40d0d47 elementor-section-boxed elementor-section-height-default elementor-section-height-default qodef-elementor-content-no\" data-id=\"40d0d47\" data-element_type=\"section\">\n\t\t\t\t\t\t<div class=\"elementor-container elementor-column-gap-default\">\n\t\t\t\t\t<div class=\"elementor-column elementor-col-100 elementor-top-column elementor-element elementor-element-b5ad010\" data-id=\"b5ad010\" data-element_type=\"column\">\n\t\t\t<div class=\"elementor-widget-wrap elementor-element-populated\">\n\t\t\t\t\t\t<div class=\"elementor-element elementor-element-3c03609 elementor-widget elementor-widget-image\" data-id=\"3c03609\" data-element_type=\"widget\" data-widget_type=\"image.default\">\n\t\t\t\t<div class=\"elementor-widget-container\">\n\t\t\t\t\t\t\t\t\t\t\t\t\t<img fetchpriority=\"high\" decoding=\"async\" width=\"1536\" height=\"817\" src=\"https:\/\/annedrugeon.fr\/wp-content\/uploads\/2021\/07\/montage-1-1536x817.jpg\" class=\"attachment-1536x1536 size-1536x1536 wp-image-4756\" alt=\"\" srcset=\"https:\/\/annedrugeon.fr\/wp-content\/uploads\/2021\/07\/montage-1-1536x817.jpg 1536w, https:\/\/annedrugeon.fr\/wp-content\/uploads\/2021\/07\/montage-1-300x160.jpg 300w, https:\/\/annedrugeon.fr\/wp-content\/uploads\/2021\/07\/montage-1-1024x545.jpg 1024w, https:\/\/annedrugeon.fr\/wp-content\/uploads\/2021\/07\/montage-1-768x409.jpg 768w, https:\/\/annedrugeon.fr\/wp-content\/uploads\/2021\/07\/montage-1-2048x1090.jpg 2048w, https:\/\/annedrugeon.fr\/wp-content\/uploads\/2021\/07\/montage-1-600x319.jpg 600w\" sizes=\"(max-width: 1536px) 100vw, 1536px\" \/>\t\t\t\t\t\t\t\t\t\t\t\t\t<\/div>\n\t\t\t\t<\/div>\n\t\t\t\t\t<\/div>\n\t\t<\/div>\n\t\t\t\t\t<\/div>\n\t\t<\/section>\n\t\t\t\t<section class=\"elementor-section elementor-top-section elementor-element elementor-element-faf3a81 elementor-section-boxed elementor-section-height-default elementor-section-height-default qodef-elementor-content-no\" data-id=\"faf3a81\" data-element_type=\"section\">\n\t\t\t\t\t\t<div class=\"elementor-container elementor-column-gap-default\">\n\t\t\t\t\t<div class=\"elementor-column elementor-col-100 elementor-top-column elementor-element elementor-element-d82b6a7\" data-id=\"d82b6a7\" data-element_type=\"column\">\n\t\t\t<div class=\"elementor-widget-wrap elementor-element-populated\">\n\t\t\t\t\t\t<div class=\"elementor-element elementor-element-6191df7 elementor-widget elementor-widget-image\" data-id=\"6191df7\" data-element_type=\"widget\" data-widget_type=\"image.default\">\n\t\t\t\t<div class=\"elementor-widget-container\">\n\t\t\t\t\t\t\t\t\t\t\t\t\t<img decoding=\"async\" width=\"1536\" height=\"500\" src=\"https:\/\/annedrugeon.fr\/wp-content\/uploads\/2021\/07\/montage-2-1536x500.jpg\" class=\"attachment-1536x1536 size-1536x1536 wp-image-4757\" alt=\"\" srcset=\"https:\/\/annedrugeon.fr\/wp-content\/uploads\/2021\/07\/montage-2-1536x500.jpg 1536w, https:\/\/annedrugeon.fr\/wp-content\/uploads\/2021\/07\/montage-2-300x98.jpg 300w, https:\/\/annedrugeon.fr\/wp-content\/uploads\/2021\/07\/montage-2-1024x333.jpg 1024w, https:\/\/annedrugeon.fr\/wp-content\/uploads\/2021\/07\/montage-2-768x250.jpg 768w, https:\/\/annedrugeon.fr\/wp-content\/uploads\/2021\/07\/montage-2-2048x667.jpg 2048w, https:\/\/annedrugeon.fr\/wp-content\/uploads\/2021\/07\/montage-2-600x195.jpg 600w\" sizes=\"(max-width: 1536px) 100vw, 1536px\" \/>\t\t\t\t\t\t\t\t\t\t\t\t\t<\/div>\n\t\t\t\t<\/div>\n\t\t\t\t\t<\/div>\n\t\t<\/div>\n\t\t\t\t\t<\/div>\n\t\t<\/section>\n\t\t\t\t<section class=\"elementor-section elementor-top-section elementor-element elementor-element-b0773cf elementor-section-boxed elementor-section-height-default elementor-section-height-default qodef-elementor-content-no\" data-id=\"b0773cf\" data-element_type=\"section\">\n\t\t\t\t\t\t<div class=\"elementor-container elementor-column-gap-default\">\n\t\t\t\t\t<div class=\"elementor-column elementor-col-100 elementor-top-column elementor-element elementor-element-7103f9d\" data-id=\"7103f9d\" data-element_type=\"column\">\n\t\t\t<div class=\"elementor-widget-wrap elementor-element-populated\">\n\t\t\t\t\t\t<div class=\"elementor-element elementor-element-29ae31c elementor-widget elementor-widget-image\" data-id=\"29ae31c\" data-element_type=\"widget\" data-widget_type=\"image.default\">\n\t\t\t\t<div class=\"elementor-widget-container\">\n\t\t\t\t\t\t\t\t\t\t\t\t\t<img decoding=\"async\" width=\"1300\" height=\"650\" src=\"https:\/\/annedrugeon.fr\/wp-content\/uploads\/2021\/07\/montage-3-1300x650.jpg\" class=\"attachment-makao_image_size_landscape size-makao_image_size_landscape wp-image-4758\" alt=\"\" \/>\t\t\t\t\t\t\t\t\t\t\t\t\t<\/div>\n\t\t\t\t<\/div>\n\t\t\t\t\t<\/div>\n\t\t<\/div>\n\t\t\t\t\t<\/div>\n\t\t<\/section>\n\t\t\t\t<\/div>\n\t\t","protected":false},"excerpt":{"rendered":"<p>Sur mesure Je r\u00e9alise \u00e9galement des projets personnalis\u00e9s, \u00e0 la demande. Racontez -moi\u00a0 votre histoires et vos envies et et je vous ferai une proposition de projet. Exemple ici\u00a0: Cr\u00e9ation d\u2019une parure de mariage \u00e9voquant une rencontre autour de la danse et du toucher. Cr\u00e9ation de broches pour les invit\u00e9s\u00a0: c\u0153urs pour les femmes et [&hellip;]<\/p>\n","protected":false},"author":1,"featured_media":0,"parent":0,"menu_order":0,"comment_status":"closed","ping_status":"closed","template":"","meta":{"footnotes":""},"_links":{"self":[{"href":"https:\/\/annedrugeon.fr\/index.php\/wp-json\/wp\/v2\/pages\/5726"}],"collection":[{"href":"https:\/\/annedrugeon.fr\/index.php\/wp-json\/wp\/v2\/pages"}],"about":[{"href":"https:\/\/annedrugeon.fr\/index.php\/wp-json\/wp\/v2\/types\/page"}],"author":[{"embeddable":true,"href":"https:\/\/annedrugeon.fr\/index.php\/wp-json\/wp\/v2\/users\/1"}],"replies":[{"embeddable":true,"href":"https:\/\/annedrugeon.fr\/index.php\/wp-json\/wp\/v2\/comments?post=5726"}],"version-history":[{"count":13,"href":"https:\/\/annedrugeon.fr\/index.php\/wp-json\/wp\/v2\/pages\/5726\/revisions"}],"predecessor-version":[{"id":6387,"href":"https:\/\/annedrugeon.fr\/index.php\/wp-json\/wp\/v2\/pages\/5726\/revisions\/6387"}],"wp:attachment":[{"href":"https:\/\/annedrugeon.fr\/index.php\/wp-json\/wp\/v2\/media?parent=5726"}],"curies":[{"name":"wp","href":"https:\/\/api.w.org\/{rel}","templated":true}]}}