{"id":5651,"date":"2021-08-12T19:36:32","date_gmt":"2021-08-12T17:36:32","guid":{"rendered":"http:\/\/annedrugeon.com\/?page_id=5651"},"modified":"2024-02-01T21:58:58","modified_gmt":"2024-02-01T20:58:58","slug":"printemps","status":"publish","type":"page","link":"https:\/\/annedrugeon.fr\/index.php\/printemps\/","title":{"rendered":"Printemps"},"content":{"rendered":"\t\t<div data-elementor-type=\"wp-page\" data-elementor-id=\"5651\" class=\"elementor elementor-5651\">\n\t\t\t\t\t\t<section class=\"elementor-section elementor-top-section elementor-element elementor-element-2a7550a elementor-section-boxed elementor-section-height-default elementor-section-height-default qodef-elementor-content-no\" data-id=\"2a7550a\" data-element_type=\"section\">\n\t\t\t\t\t\t<div class=\"elementor-container elementor-column-gap-default\">\n\t\t\t\t\t<div class=\"elementor-column elementor-col-100 elementor-top-column elementor-element elementor-element-018e95c\" data-id=\"018e95c\" data-element_type=\"column\">\n\t\t\t<div class=\"elementor-widget-wrap elementor-element-populated\">\n\t\t\t\t\t\t<div class=\"elementor-element elementor-element-3257659 elementor-widget elementor-widget-text-editor\" data-id=\"3257659\" data-element_type=\"widget\" data-widget_type=\"text-editor.default\">\n\t\t\t\t<div class=\"elementor-widget-container\">\n\t\t\t\t\t\t\t<h2>Printemps<\/h2>\n<p>La collection nous invite \u00e0 nous parer de la magie du printemps, de ses couleurs fra\u00eeches et intenses.<\/p>\n<p>Elle a \u00e9t\u00e9 l\u2019occasion d\u2019explorer la s\u00e9rigraphie et les jus d\u2019oxyde de cobalt.<\/p>\t\t\t\t\t\t<\/div>\n\t\t\t\t<\/div>\n\t\t\t\t\t<\/div>\n\t\t<\/div>\n\t\t\t\t\t<\/div>\n\t\t<\/section>\n\t\t\t\t<section class=\"elementor-section elementor-top-section elementor-element elementor-element-40d0d47 elementor-section-boxed elementor-section-height-default elementor-section-height-default qodef-elementor-content-no\" data-id=\"40d0d47\" data-element_type=\"section\">\n\t\t\t\t\t\t<div class=\"elementor-container elementor-column-gap-default\">\n\t\t\t\t\t<div class=\"elementor-column elementor-col-100 elementor-top-column elementor-element elementor-element-b5ad010\" data-id=\"b5ad010\" data-element_type=\"column\">\n\t\t\t<div class=\"elementor-widget-wrap elementor-element-populated\">\n\t\t\t\t\t\t<div class=\"elementor-element elementor-element-3c03609 elementor-widget elementor-widget-image\" data-id=\"3c03609\" data-element_type=\"widget\" data-widget_type=\"image.default\">\n\t\t\t\t<div class=\"elementor-widget-container\">\n\t\t\t\t\t\t\t\t\t\t\t\t\t<img fetchpriority=\"high\" decoding=\"async\" width=\"2048\" height=\"438\" src=\"https:\/\/annedrugeon.fr\/wp-content\/uploads\/2021\/08\/les-florales-scaled-1-2048x438.jpg\" class=\"attachment-2048x2048 size-2048x2048 wp-image-5654\" alt=\"\" srcset=\"https:\/\/annedrugeon.fr\/wp-content\/uploads\/2021\/08\/les-florales-scaled-1-2048x438.jpg 2048w, https:\/\/annedrugeon.fr\/wp-content\/uploads\/2021\/08\/les-florales-scaled-1-300x64.jpg 300w, https:\/\/annedrugeon.fr\/wp-content\/uploads\/2021\/08\/les-florales-scaled-1-1024x219.jpg 1024w, https:\/\/annedrugeon.fr\/wp-content\/uploads\/2021\/08\/les-florales-scaled-1-768x164.jpg 768w, https:\/\/annedrugeon.fr\/wp-content\/uploads\/2021\/08\/les-florales-scaled-1-1536x328.jpg 1536w, https:\/\/annedrugeon.fr\/wp-content\/uploads\/2021\/08\/les-florales-scaled-1-600x128.jpg 600w\" sizes=\"(max-width: 2048px) 100vw, 2048px\" \/>\t\t\t\t\t\t\t\t\t\t\t\t\t<\/div>\n\t\t\t\t<\/div>\n\t\t\t\t\t<\/div>\n\t\t<\/div>\n\t\t\t\t\t<\/div>\n\t\t<\/section>\n\t\t\t\t<section class=\"elementor-section elementor-top-section elementor-element elementor-element-faf3a81 elementor-section-boxed elementor-section-height-default elementor-section-height-default qodef-elementor-content-no\" data-id=\"faf3a81\" data-element_type=\"section\">\n\t\t\t\t\t\t<div class=\"elementor-container elementor-column-gap-default\">\n\t\t\t\t\t<div class=\"elementor-column elementor-col-100 elementor-top-column elementor-element elementor-element-d82b6a7\" data-id=\"d82b6a7\" data-element_type=\"column\">\n\t\t\t<div class=\"elementor-widget-wrap elementor-element-populated\">\n\t\t\t\t\t\t<div class=\"elementor-element elementor-element-6191df7 elementor-widget elementor-widget-image\" data-id=\"6191df7\" data-element_type=\"widget\" data-widget_type=\"image.default\">\n\t\t\t\t<div class=\"elementor-widget-container\">\n\t\t\t\t\t\t\t\t\t\t\t\t\t<img decoding=\"async\" width=\"1536\" height=\"902\" src=\"https:\/\/annedrugeon.fr\/wp-content\/uploads\/2021\/08\/florales-2-scaled-1-1536x902.jpg\" class=\"attachment-1536x1536 size-1536x1536 wp-image-5655\" alt=\"\" srcset=\"https:\/\/annedrugeon.fr\/wp-content\/uploads\/2021\/08\/florales-2-scaled-1-1536x902.jpg 1536w, https:\/\/annedrugeon.fr\/wp-content\/uploads\/2021\/08\/florales-2-scaled-1-300x176.jpg 300w, https:\/\/annedrugeon.fr\/wp-content\/uploads\/2021\/08\/florales-2-scaled-1-1024x602.jpg 1024w, https:\/\/annedrugeon.fr\/wp-content\/uploads\/2021\/08\/florales-2-scaled-1-768x451.jpg 768w, https:\/\/annedrugeon.fr\/wp-content\/uploads\/2021\/08\/florales-2-scaled-1-2048x1203.jpg 2048w, https:\/\/annedrugeon.fr\/wp-content\/uploads\/2021\/08\/florales-2-scaled-1-600x353.jpg 600w\" sizes=\"(max-width: 1536px) 100vw, 1536px\" \/>\t\t\t\t\t\t\t\t\t\t\t\t\t<\/div>\n\t\t\t\t<\/div>\n\t\t\t\t\t<\/div>\n\t\t<\/div>\n\t\t\t\t\t<\/div>\n\t\t<\/section>\n\t\t\t\t<section class=\"elementor-section elementor-top-section elementor-element elementor-element-b0773cf elementor-section-boxed elementor-section-height-default elementor-section-height-default qodef-elementor-content-no\" data-id=\"b0773cf\" data-element_type=\"section\">\n\t\t\t\t\t\t<div class=\"elementor-container elementor-column-gap-default\">\n\t\t\t\t\t<div class=\"elementor-column elementor-col-100 elementor-top-column elementor-element elementor-element-7103f9d\" data-id=\"7103f9d\" data-element_type=\"column\">\n\t\t\t<div class=\"elementor-widget-wrap elementor-element-populated\">\n\t\t\t\t\t\t<div class=\"elementor-element elementor-element-29ae31c elementor-widget elementor-widget-image\" data-id=\"29ae31c\" data-element_type=\"widget\" data-widget_type=\"image.default\">\n\t\t\t\t<div class=\"elementor-widget-container\">\n\t\t\t\t\t\t\t\t\t\t\t\t\t<img decoding=\"async\" width=\"1300\" height=\"650\" src=\"https:\/\/annedrugeon.fr\/wp-content\/uploads\/2021\/08\/florales-3-scaled-1-1300x650.jpg\" class=\"attachment-makao_image_size_landscape size-makao_image_size_landscape wp-image-5656\" alt=\"\" \/>\t\t\t\t\t\t\t\t\t\t\t\t\t<\/div>\n\t\t\t\t<\/div>\n\t\t\t\t\t<\/div>\n\t\t<\/div>\n\t\t\t\t\t<\/div>\n\t\t<\/section>\n\t\t\t\t<section class=\"elementor-section elementor-top-section elementor-element elementor-element-a2a8d08 elementor-section-boxed elementor-section-height-default elementor-section-height-default qodef-elementor-content-no\" data-id=\"a2a8d08\" data-element_type=\"section\">\n\t\t\t\t\t\t<div class=\"elementor-container elementor-column-gap-default\">\n\t\t\t\t\t<div class=\"elementor-column elementor-col-100 elementor-top-column elementor-element elementor-element-7515db4\" data-id=\"7515db4\" data-element_type=\"column\">\n\t\t\t<div class=\"elementor-widget-wrap elementor-element-populated\">\n\t\t\t\t\t\t<div class=\"elementor-element elementor-element-90d08eb elementor-widget elementor-widget-image\" data-id=\"90d08eb\" data-element_type=\"widget\" data-widget_type=\"image.default\">\n\t\t\t\t<div class=\"elementor-widget-container\">\n\t\t\t\t\t\t\t\t\t\t\t\t\t<img loading=\"lazy\" decoding=\"async\" width=\"1536\" height=\"925\" src=\"https:\/\/annedrugeon.fr\/wp-content\/uploads\/2021\/08\/florales-5-scaled-1-1536x925.jpg\" class=\"attachment-1536x1536 size-1536x1536 wp-image-5657\" alt=\"\" srcset=\"https:\/\/annedrugeon.fr\/wp-content\/uploads\/2021\/08\/florales-5-scaled-1-1536x925.jpg 1536w, https:\/\/annedrugeon.fr\/wp-content\/uploads\/2021\/08\/florales-5-scaled-1-300x181.jpg 300w, https:\/\/annedrugeon.fr\/wp-content\/uploads\/2021\/08\/florales-5-scaled-1-1024x617.jpg 1024w, https:\/\/annedrugeon.fr\/wp-content\/uploads\/2021\/08\/florales-5-scaled-1-768x463.jpg 768w, https:\/\/annedrugeon.fr\/wp-content\/uploads\/2021\/08\/florales-5-scaled-1-2048x1234.jpg 2048w, https:\/\/annedrugeon.fr\/wp-content\/uploads\/2021\/08\/florales-5-scaled-1-600x361.jpg 600w\" sizes=\"(max-width: 1536px) 100vw, 1536px\" \/>\t\t\t\t\t\t\t\t\t\t\t\t\t<\/div>\n\t\t\t\t<\/div>\n\t\t\t\t\t<\/div>\n\t\t<\/div>\n\t\t\t\t\t<\/div>\n\t\t<\/section>\n\t\t\t\t<section class=\"elementor-section elementor-top-section elementor-element elementor-element-aeaa25a elementor-section-boxed elementor-section-height-default elementor-section-height-default qodef-elementor-content-no\" data-id=\"aeaa25a\" data-element_type=\"section\">\n\t\t\t\t\t\t<div class=\"elementor-container elementor-column-gap-default\">\n\t\t\t\t\t<div class=\"elementor-column elementor-col-100 elementor-top-column elementor-element elementor-element-342ebc4\" data-id=\"342ebc4\" data-element_type=\"column\">\n\t\t\t<div class=\"elementor-widget-wrap elementor-element-populated\">\n\t\t\t\t\t\t<div class=\"elementor-element elementor-element-82ebe8b elementor-widget elementor-widget-image\" data-id=\"82ebe8b\" data-element_type=\"widget\" data-widget_type=\"image.default\">\n\t\t\t\t<div class=\"elementor-widget-container\">\n\t\t\t\t\t\t\t\t\t\t\t\t\t<img loading=\"lazy\" decoding=\"async\" width=\"1536\" height=\"805\" src=\"https:\/\/annedrugeon.fr\/wp-content\/uploads\/2021\/08\/florales-6-scaled-1-1536x805.jpg\" class=\"attachment-1536x1536 size-1536x1536 wp-image-5658\" alt=\"\" srcset=\"https:\/\/annedrugeon.fr\/wp-content\/uploads\/2021\/08\/florales-6-scaled-1-1536x805.jpg 1536w, https:\/\/annedrugeon.fr\/wp-content\/uploads\/2021\/08\/florales-6-scaled-1-300x157.jpg 300w, https:\/\/annedrugeon.fr\/wp-content\/uploads\/2021\/08\/florales-6-scaled-1-1024x536.jpg 1024w, https:\/\/annedrugeon.fr\/wp-content\/uploads\/2021\/08\/florales-6-scaled-1-768x402.jpg 768w, https:\/\/annedrugeon.fr\/wp-content\/uploads\/2021\/08\/florales-6-scaled-1-2048x1073.jpg 2048w, https:\/\/annedrugeon.fr\/wp-content\/uploads\/2021\/08\/florales-6-scaled-1-600x314.jpg 600w\" sizes=\"(max-width: 1536px) 100vw, 1536px\" \/>\t\t\t\t\t\t\t\t\t\t\t\t\t<\/div>\n\t\t\t\t<\/div>\n\t\t\t\t\t<\/div>\n\t\t<\/div>\n\t\t\t\t\t<\/div>\n\t\t<\/section>\n\t\t\t\t<section class=\"elementor-section elementor-top-section elementor-element elementor-element-94cb845 elementor-section-boxed elementor-section-height-default elementor-section-height-default qodef-elementor-content-no\" data-id=\"94cb845\" data-element_type=\"section\">\n\t\t\t\t\t\t<div class=\"elementor-container elementor-column-gap-default\">\n\t\t\t\t\t<div class=\"elementor-column elementor-col-100 elementor-top-column elementor-element elementor-element-1ce03fc\" data-id=\"1ce03fc\" data-element_type=\"column\">\n\t\t\t<div class=\"elementor-widget-wrap elementor-element-populated\">\n\t\t\t\t\t\t<div class=\"elementor-element elementor-element-2991514 elementor-widget elementor-widget-spacer\" data-id=\"2991514\" data-element_type=\"widget\" data-widget_type=\"spacer.default\">\n\t\t\t\t<div class=\"elementor-widget-container\">\n\t\t\t\t\t<div class=\"elementor-spacer\">\n\t\t\t<div class=\"elementor-spacer-inner\"><\/div>\n\t\t<\/div>\n\t\t\t\t<\/div>\n\t\t\t\t<\/div>\n\t\t\t\t\t<\/div>\n\t\t<\/div>\n\t\t\t\t\t<\/div>\n\t\t<\/section>\n\t\t\t\t<section class=\"elementor-section elementor-top-section elementor-element elementor-element-3679733 elementor-section-full_width elementor-section-stretched elementor-section-height-default elementor-section-height-default qodef-elementor-content-no\" data-id=\"3679733\" data-element_type=\"section\" data-settings=\"{&quot;background_background&quot;:&quot;classic&quot;,&quot;stretch_section&quot;:&quot;section-stretched&quot;}\">\n\t\t\t\t\t\t<div class=\"elementor-container elementor-column-gap-default\">\n\t\t\t\t\t<div class=\"elementor-column elementor-col-33 elementor-top-column elementor-element elementor-element-b6784e8\" data-id=\"b6784e8\" data-element_type=\"column\">\n\t\t\t<div class=\"elementor-widget-wrap elementor-element-populated\">\n\t\t\t\t\t\t<div class=\"elementor-element elementor-element-1c64d53 elementor-widget elementor-widget-text-editor\" data-id=\"1c64d53\" data-element_type=\"widget\" data-widget_type=\"text-editor.default\">\n\t\t\t\t<div class=\"elementor-widget-container\">\n\t\t\t\t\t\t\t<h6><strong><span style=\"color: var( --e-global-color-text ); font-family: var( --e-global-typography-text-font-family ), Sans-serif;\">O<\/span>\u00d9 <span style=\"color: var( --e-global-color-text ); font-family: var( --e-global-typography-text-font-family ), Sans-serif;\">TROUVER MES PIECES\u00a0<\/span><\/strong><\/h6><p><em>Le b\u00d4cal &#8211; Concept Store \/ Atelier Show Room<\/em><br \/>4 Rue de la Somme,<br \/>68100 Mulhouse<\/p><p>BZZZT \u2013 Concept Store<br \/>420, Ar Palud<br \/>29870 Land\u00e9da<\/p>\t\t\t\t\t\t<\/div>\n\t\t\t\t<\/div>\n\t\t\t\t\t<\/div>\n\t\t<\/div>\n\t\t\t\t<div class=\"elementor-column elementor-col-33 elementor-top-column elementor-element elementor-element-0225bb5\" data-id=\"0225bb5\" data-element_type=\"column\">\n\t\t\t<div class=\"elementor-widget-wrap elementor-element-populated\">\n\t\t\t\t\t\t<div class=\"elementor-element elementor-element-ba0a194 elementor-widget elementor-widget-text-editor\" data-id=\"ba0a194\" data-element_type=\"widget\" data-widget_type=\"text-editor.default\">\n\t\t\t\t<div class=\"elementor-widget-container\">\n\t\t\t\t\t\t\t<h6 style=\"background-color: #30323e;\"><span style=\"font-weight: bolder;\"><span style=\"color: var( --e-global-color-text ); font-family: var( --e-global-typography-text-font-family ), Sans-serif;\">&nbsp;SUIVEZ-MOI!&nbsp;<\/span><\/span><\/h6>\t\t\t\t\t\t<\/div>\n\t\t\t\t<\/div>\n\t\t\t\t<div class=\"elementor-element elementor-element-faf0f88 elementor-align-center elementor-widget elementor-widget-button\" data-id=\"faf0f88\" data-element_type=\"widget\" data-widget_type=\"button.default\">\n\t\t\t\t<div class=\"elementor-widget-container\">\n\t\t\t\t\t<div class=\"elementor-button-wrapper\">\n\t\t\t<a class=\"elementor-button elementor-button-link elementor-size-sm\" href=\"https:\/\/www.instagram.com\/annedrugeon\/\">\n\t\t\t\t\t\t<span class=\"elementor-button-content-wrapper\">\n\t\t\t\t\t\t\t\t\t<span class=\"elementor-button-text\">INSTAGRAM<\/span>\n\t\t\t\t\t<\/span>\n\t\t\t\t\t<\/a>\n\t\t<\/div>\n\t\t\t\t<\/div>\n\t\t\t\t<\/div>\n\t\t\t\t<div class=\"elementor-element elementor-element-8343038 elementor-align-center elementor-widget elementor-widget-button\" data-id=\"8343038\" data-element_type=\"widget\" data-widget_type=\"button.default\">\n\t\t\t\t<div class=\"elementor-widget-container\">\n\t\t\t\t\t<div class=\"elementor-button-wrapper\">\n\t\t\t<a class=\"elementor-button elementor-button-link elementor-size-sm\" href=\"https:\/\/www.facebook.com\/drugeonceramique\">\n\t\t\t\t\t\t<span class=\"elementor-button-content-wrapper\">\n\t\t\t\t\t\t\t\t\t<span class=\"elementor-button-text\">FACEBOOK <\/span>\n\t\t\t\t\t<\/span>\n\t\t\t\t\t<\/a>\n\t\t<\/div>\n\t\t\t\t<\/div>\n\t\t\t\t<\/div>\n\t\t\t\t\t<\/div>\n\t\t<\/div>\n\t\t\t\t<div class=\"elementor-column elementor-col-33 elementor-top-column elementor-element elementor-element-953d1dd\" data-id=\"953d1dd\" data-element_type=\"column\">\n\t\t\t<div class=\"elementor-widget-wrap elementor-element-populated\">\n\t\t\t\t\t\t<div class=\"elementor-element elementor-element-f932ffd elementor-widget elementor-widget-text-editor\" data-id=\"f932ffd\" data-element_type=\"widget\" data-widget_type=\"text-editor.default\">\n\t\t\t\t<div class=\"elementor-widget-container\">\n\t\t\t\t\t\t\t<h6 style=\"background-color: #30323e;\"><span style=\"font-weight: bolder;\"><span style=\"color: var( --e-global-color-text ); font-family: var( --e-global-typography-text-font-family ), Sans-serif;\">&nbsp; UNE QUESTION ?<\/span><\/span><\/h6>\t\t\t\t\t\t<\/div>\n\t\t\t\t<\/div>\n\t\t\t\t<div class=\"elementor-element elementor-element-1687b4f elementor-widget elementor-widget-text-editor\" data-id=\"1687b4f\" data-element_type=\"widget\" data-widget_type=\"text-editor.default\">\n\t\t\t\t<div class=\"elementor-widget-container\">\n\t\t\t\t\t\t\t<p>annedrugeon.ceramique@gmail.com<\/p>\t\t\t\t\t\t<\/div>\n\t\t\t\t<\/div>\n\t\t\t\t<div class=\"elementor-element elementor-element-64af3d1 elementor-align-center elementor-widget elementor-widget-button\" data-id=\"64af3d1\" data-element_type=\"widget\" data-widget_type=\"button.default\">\n\t\t\t\t<div class=\"elementor-widget-container\">\n\t\t\t\t\t<div class=\"elementor-button-wrapper\">\n\t\t\t<a class=\"elementor-button elementor-button-link elementor-size-sm\" href=\"https:\/\/annedrugeon.fr\/index.php\/mentions-legales\/\">\n\t\t\t\t\t\t<span class=\"elementor-button-content-wrapper\">\n\t\t\t\t\t\t\t\t\t<span class=\"elementor-button-text\">Mentions l\u00e9gales<\/span>\n\t\t\t\t\t<\/span>\n\t\t\t\t\t<\/a>\n\t\t<\/div>\n\t\t\t\t<\/div>\n\t\t\t\t<\/div>\n\t\t\t\t\t<\/div>\n\t\t<\/div>\n\t\t\t\t\t<\/div>\n\t\t<\/section>\n\t\t\t\t<\/div>\n\t\t","protected":false},"excerpt":{"rendered":"<p>Printemps La collection nous invite \u00e0 nous parer de la magie du printemps, de ses couleurs fra\u00eeches et intenses. Elle a \u00e9t\u00e9 l\u2019occasion d\u2019explorer la s\u00e9rigraphie et les jus d\u2019oxyde de cobalt. O\u00d9 TROUVER MES PIECES\u00a0 Le b\u00d4cal &#8211; Concept Store \/ Atelier Show Room4 Rue de la Somme,68100 Mulhouse BZZZT \u2013 Concept Store420, Ar [&hellip;]<\/p>\n","protected":false},"author":1,"featured_media":0,"parent":0,"menu_order":0,"comment_status":"closed","ping_status":"closed","template":"","meta":{"footnotes":""},"_links":{"self":[{"href":"https:\/\/annedrugeon.fr\/index.php\/wp-json\/wp\/v2\/pages\/5651"}],"collection":[{"href":"https:\/\/annedrugeon.fr\/index.php\/wp-json\/wp\/v2\/pages"}],"about":[{"href":"https:\/\/annedrugeon.fr\/index.php\/wp-json\/wp\/v2\/types\/page"}],"author":[{"embeddable":true,"href":"https:\/\/annedrugeon.fr\/index.php\/wp-json\/wp\/v2\/users\/1"}],"replies":[{"embeddable":true,"href":"https:\/\/annedrugeon.fr\/index.php\/wp-json\/wp\/v2\/comments?post=5651"}],"version-history":[{"count":23,"href":"https:\/\/annedrugeon.fr\/index.php\/wp-json\/wp\/v2\/pages\/5651\/revisions"}],"predecessor-version":[{"id":6564,"href":"https:\/\/annedrugeon.fr\/index.php\/wp-json\/wp\/v2\/pages\/5651\/revisions\/6564"}],"wp:attachment":[{"href":"https:\/\/annedrugeon.fr\/index.php\/wp-json\/wp\/v2\/media?parent=5651"}],"curies":[{"name":"wp","href":"https:\/\/api.w.org\/{rel}","templated":true}]}}