{"id":5602,"date":"2021-08-12T18:59:21","date_gmt":"2021-08-12T16:59:21","guid":{"rendered":"http:\/\/annedrugeon.com\/?page_id=5602"},"modified":"2024-02-01T21:57:03","modified_gmt":"2024-02-01T20:57:03","slug":"chroma","status":"publish","type":"page","link":"https:\/\/annedrugeon.fr\/index.php\/chroma\/","title":{"rendered":"Chroma"},"content":{"rendered":"\t\t<div data-elementor-type=\"wp-page\" data-elementor-id=\"5602\" class=\"elementor elementor-5602\">\n\t\t\t\t\t\t<section class=\"elementor-section elementor-top-section elementor-element elementor-element-aa7797b elementor-section-boxed elementor-section-height-default elementor-section-height-default qodef-elementor-content-no\" data-id=\"aa7797b\" data-element_type=\"section\">\n\t\t\t\t\t\t<div class=\"elementor-container elementor-column-gap-default\">\n\t\t\t\t\t<div class=\"elementor-column elementor-col-100 elementor-top-column elementor-element elementor-element-1145a56\" data-id=\"1145a56\" data-element_type=\"column\">\n\t\t\t<div class=\"elementor-widget-wrap elementor-element-populated\">\n\t\t\t\t\t\t<div class=\"elementor-element elementor-element-8d9e86c elementor-widget elementor-widget-text-editor\" data-id=\"8d9e86c\" data-element_type=\"widget\" data-widget_type=\"text-editor.default\">\n\t\t\t\t<div class=\"elementor-widget-container\">\n\t\t\t\t\t\t\t<h2>Chroma<\/h2><p><span style=\"color: var( --e-global-color-text ); font-family: var( --e-global-typography-text-font-family ), Sans-serif; font-weight: var( --e-global-typography-text-font-weight );\">La collection \u00ab\u00a0CHROMA\u00a0\u00bb nous emm\u00e8ne au coeur de l&rsquo;\u00e9mail pour d\u00e9couvrir ses couleurs vibrantes et ses multiples textures (beurr\u00e9es, opalescentes, brillantes, mattes, tressail\u00e9es&#8230;)<\/span><\/p><p>\u00a0<\/p><p>Chaque couleur est issue d&rsquo;un m\u00e9lange de mati\u00e8res premi\u00e8res (Silice, alumine, feldspath &#8230;) combin\u00e9e \u00e0 des poudres d&rsquo;oxydes m\u00e9talliques.<\/p>\t\t\t\t\t\t<\/div>\n\t\t\t\t<\/div>\n\t\t\t\t\t<\/div>\n\t\t<\/div>\n\t\t\t\t\t<\/div>\n\t\t<\/section>\n\t\t\t\t<section class=\"elementor-section elementor-top-section elementor-element elementor-element-40d0d47 elementor-section-boxed elementor-section-height-default elementor-section-height-default qodef-elementor-content-no\" data-id=\"40d0d47\" data-element_type=\"section\">\n\t\t\t\t\t\t<div class=\"elementor-container elementor-column-gap-default\">\n\t\t\t\t\t<div class=\"elementor-column elementor-col-100 elementor-top-column elementor-element elementor-element-b5ad010\" data-id=\"b5ad010\" data-element_type=\"column\">\n\t\t\t<div class=\"elementor-widget-wrap elementor-element-populated\">\n\t\t\t\t\t\t<div class=\"elementor-element elementor-element-3c03609 elementor-widget elementor-widget-image\" data-id=\"3c03609\" data-element_type=\"widget\" data-widget_type=\"image.default\">\n\t\t\t\t<div class=\"elementor-widget-container\">\n\t\t\t\t\t\t\t\t\t\t\t\t\t<img fetchpriority=\"high\" decoding=\"async\" width=\"1536\" height=\"682\" src=\"https:\/\/annedrugeon.fr\/wp-content\/uploads\/2021\/08\/couleur1-scaled-1-1536x682.jpg\" class=\"attachment-1536x1536 size-1536x1536 wp-image-5614\" alt=\"\" srcset=\"https:\/\/annedrugeon.fr\/wp-content\/uploads\/2021\/08\/couleur1-scaled-1-1536x682.jpg 1536w, https:\/\/annedrugeon.fr\/wp-content\/uploads\/2021\/08\/couleur1-scaled-1-300x133.jpg 300w, https:\/\/annedrugeon.fr\/wp-content\/uploads\/2021\/08\/couleur1-scaled-1-1024x455.jpg 1024w, https:\/\/annedrugeon.fr\/wp-content\/uploads\/2021\/08\/couleur1-scaled-1-768x341.jpg 768w, https:\/\/annedrugeon.fr\/wp-content\/uploads\/2021\/08\/couleur1-scaled-1-2048x910.jpg 2048w, https:\/\/annedrugeon.fr\/wp-content\/uploads\/2021\/08\/couleur1-scaled-1-600x266.jpg 600w\" sizes=\"(max-width: 1536px) 100vw, 1536px\" \/>\t\t\t\t\t\t\t\t\t\t\t\t\t<\/div>\n\t\t\t\t<\/div>\n\t\t\t\t\t<\/div>\n\t\t<\/div>\n\t\t\t\t\t<\/div>\n\t\t<\/section>\n\t\t\t\t<section class=\"elementor-section elementor-top-section elementor-element elementor-element-faf3a81 elementor-section-boxed elementor-section-height-default elementor-section-height-default qodef-elementor-content-no\" data-id=\"faf3a81\" data-element_type=\"section\">\n\t\t\t\t\t\t<div class=\"elementor-container elementor-column-gap-default\">\n\t\t\t\t\t<div class=\"elementor-column elementor-col-100 elementor-top-column elementor-element elementor-element-d82b6a7\" data-id=\"d82b6a7\" data-element_type=\"column\">\n\t\t\t<div class=\"elementor-widget-wrap elementor-element-populated\">\n\t\t\t\t\t\t<div class=\"elementor-element elementor-element-6191df7 elementor-widget elementor-widget-image\" data-id=\"6191df7\" data-element_type=\"widget\" data-widget_type=\"image.default\">\n\t\t\t\t<div class=\"elementor-widget-container\">\n\t\t\t\t\t\t\t\t\t\t\t\t\t<img decoding=\"async\" width=\"1536\" height=\"503\" src=\"https:\/\/annedrugeon.fr\/wp-content\/uploads\/2021\/08\/couleur-2-scaled-1-1536x503.jpg\" class=\"attachment-1536x1536 size-1536x1536 wp-image-5615\" alt=\"\" srcset=\"https:\/\/annedrugeon.fr\/wp-content\/uploads\/2021\/08\/couleur-2-scaled-1-1536x503.jpg 1536w, https:\/\/annedrugeon.fr\/wp-content\/uploads\/2021\/08\/couleur-2-scaled-1-300x98.jpg 300w, https:\/\/annedrugeon.fr\/wp-content\/uploads\/2021\/08\/couleur-2-scaled-1-1024x335.jpg 1024w, https:\/\/annedrugeon.fr\/wp-content\/uploads\/2021\/08\/couleur-2-scaled-1-768x251.jpg 768w, https:\/\/annedrugeon.fr\/wp-content\/uploads\/2021\/08\/couleur-2-scaled-1-2048x670.jpg 2048w, https:\/\/annedrugeon.fr\/wp-content\/uploads\/2021\/08\/couleur-2-scaled-1-600x196.jpg 600w\" sizes=\"(max-width: 1536px) 100vw, 1536px\" \/>\t\t\t\t\t\t\t\t\t\t\t\t\t<\/div>\n\t\t\t\t<\/div>\n\t\t\t\t\t<\/div>\n\t\t<\/div>\n\t\t\t\t\t<\/div>\n\t\t<\/section>\n\t\t\t\t<section class=\"elementor-section elementor-top-section elementor-element elementor-element-b0773cf elementor-section-boxed elementor-section-height-default elementor-section-height-default qodef-elementor-content-no\" data-id=\"b0773cf\" data-element_type=\"section\">\n\t\t\t\t\t\t<div class=\"elementor-container elementor-column-gap-default\">\n\t\t\t\t\t<div class=\"elementor-column elementor-col-100 elementor-top-column elementor-element elementor-element-7103f9d\" data-id=\"7103f9d\" data-element_type=\"column\">\n\t\t\t<div class=\"elementor-widget-wrap elementor-element-populated\">\n\t\t\t\t\t\t<div class=\"elementor-element elementor-element-29ae31c elementor-widget elementor-widget-image\" data-id=\"29ae31c\" data-element_type=\"widget\" data-widget_type=\"image.default\">\n\t\t\t\t<div class=\"elementor-widget-container\">\n\t\t\t\t\t\t\t\t\t\t\t\t\t<img decoding=\"async\" width=\"1080\" height=\"429\" src=\"https:\/\/annedrugeon.fr\/wp-content\/uploads\/2021\/08\/FB_IMG_1605563119814.jpg\" class=\"attachment-makao_image_size_landscape size-makao_image_size_landscape wp-image-5616\" alt=\"\" srcset=\"https:\/\/annedrugeon.fr\/wp-content\/uploads\/2021\/08\/FB_IMG_1605563119814.jpg 1080w, https:\/\/annedrugeon.fr\/wp-content\/uploads\/2021\/08\/FB_IMG_1605563119814-300x119.jpg 300w, https:\/\/annedrugeon.fr\/wp-content\/uploads\/2021\/08\/FB_IMG_1605563119814-1024x407.jpg 1024w, https:\/\/annedrugeon.fr\/wp-content\/uploads\/2021\/08\/FB_IMG_1605563119814-768x305.jpg 768w, https:\/\/annedrugeon.fr\/wp-content\/uploads\/2021\/08\/FB_IMG_1605563119814-600x238.jpg 600w\" sizes=\"(max-width: 1080px) 100vw, 1080px\" \/>\t\t\t\t\t\t\t\t\t\t\t\t\t<\/div>\n\t\t\t\t<\/div>\n\t\t\t\t\t<\/div>\n\t\t<\/div>\n\t\t\t\t\t<\/div>\n\t\t<\/section>\n\t\t\t\t<section class=\"elementor-section elementor-top-section elementor-element elementor-element-a2a8d08 elementor-section-boxed elementor-section-height-default elementor-section-height-default qodef-elementor-content-no\" data-id=\"a2a8d08\" data-element_type=\"section\">\n\t\t\t\t\t\t<div class=\"elementor-container elementor-column-gap-default\">\n\t\t\t\t\t<div class=\"elementor-column elementor-col-100 elementor-top-column elementor-element elementor-element-7515db4\" data-id=\"7515db4\" data-element_type=\"column\">\n\t\t\t<div class=\"elementor-widget-wrap elementor-element-populated\">\n\t\t\t\t\t\t<div class=\"elementor-element elementor-element-90d08eb elementor-widget elementor-widget-image\" data-id=\"90d08eb\" data-element_type=\"widget\" data-widget_type=\"image.default\">\n\t\t\t\t<div class=\"elementor-widget-container\">\n\t\t\t\t\t\t\t\t\t\t\t\t\t<img loading=\"lazy\" decoding=\"async\" width=\"1536\" height=\"667\" src=\"https:\/\/annedrugeon.fr\/wp-content\/uploads\/2021\/08\/les-emaux-3-scaled-1-1536x667.jpg\" class=\"attachment-1536x1536 size-1536x1536 wp-image-5617\" alt=\"\" srcset=\"https:\/\/annedrugeon.fr\/wp-content\/uploads\/2021\/08\/les-emaux-3-scaled-1-1536x667.jpg 1536w, https:\/\/annedrugeon.fr\/wp-content\/uploads\/2021\/08\/les-emaux-3-scaled-1-300x130.jpg 300w, https:\/\/annedrugeon.fr\/wp-content\/uploads\/2021\/08\/les-emaux-3-scaled-1-1024x444.jpg 1024w, https:\/\/annedrugeon.fr\/wp-content\/uploads\/2021\/08\/les-emaux-3-scaled-1-768x333.jpg 768w, https:\/\/annedrugeon.fr\/wp-content\/uploads\/2021\/08\/les-emaux-3-scaled-1-2048x889.jpg 2048w, https:\/\/annedrugeon.fr\/wp-content\/uploads\/2021\/08\/les-emaux-3-scaled-1-600x260.jpg 600w\" sizes=\"(max-width: 1536px) 100vw, 1536px\" \/>\t\t\t\t\t\t\t\t\t\t\t\t\t<\/div>\n\t\t\t\t<\/div>\n\t\t\t\t\t<\/div>\n\t\t<\/div>\n\t\t\t\t\t<\/div>\n\t\t<\/section>\n\t\t\t\t<section class=\"elementor-section elementor-top-section elementor-element elementor-element-aeaa25a elementor-section-boxed elementor-section-height-default elementor-section-height-default qodef-elementor-content-no\" data-id=\"aeaa25a\" data-element_type=\"section\">\n\t\t\t\t\t\t<div class=\"elementor-container elementor-column-gap-default\">\n\t\t\t\t\t<div class=\"elementor-column elementor-col-100 elementor-top-column elementor-element elementor-element-342ebc4\" data-id=\"342ebc4\" data-element_type=\"column\">\n\t\t\t<div class=\"elementor-widget-wrap elementor-element-populated\">\n\t\t\t\t\t\t<div class=\"elementor-element elementor-element-82ebe8b elementor-widget elementor-widget-image\" data-id=\"82ebe8b\" data-element_type=\"widget\" data-widget_type=\"image.default\">\n\t\t\t\t<div class=\"elementor-widget-container\">\n\t\t\t\t\t\t\t\t\t\t\t\t\t<img loading=\"lazy\" decoding=\"async\" width=\"1300\" height=\"650\" src=\"https:\/\/annedrugeon.fr\/wp-content\/uploads\/2021\/08\/couleur-5-scaled-1-1300x650.jpg\" class=\"attachment-makao_image_size_landscape size-makao_image_size_landscape wp-image-5621\" alt=\"\" \/>\t\t\t\t\t\t\t\t\t\t\t\t\t<\/div>\n\t\t\t\t<\/div>\n\t\t\t\t\t<\/div>\n\t\t<\/div>\n\t\t\t\t\t<\/div>\n\t\t<\/section>\n\t\t\t\t<section class=\"elementor-section elementor-top-section elementor-element elementor-element-cf913b8 elementor-section-boxed elementor-section-height-default elementor-section-height-default qodef-elementor-content-no\" data-id=\"cf913b8\" data-element_type=\"section\">\n\t\t\t\t\t\t<div class=\"elementor-container elementor-column-gap-default\">\n\t\t\t\t\t<div class=\"elementor-column elementor-col-100 elementor-top-column elementor-element elementor-element-504e1fe\" data-id=\"504e1fe\" data-element_type=\"column\">\n\t\t\t<div class=\"elementor-widget-wrap elementor-element-populated\">\n\t\t\t\t\t\t<div class=\"elementor-element elementor-element-e86d04e elementor-widget elementor-widget-image\" data-id=\"e86d04e\" data-element_type=\"widget\" data-widget_type=\"image.default\">\n\t\t\t\t<div class=\"elementor-widget-container\">\n\t\t\t\t\t\t\t\t\t\t\t\t\t<img loading=\"lazy\" decoding=\"async\" width=\"1536\" height=\"994\" src=\"https:\/\/annedrugeon.fr\/wp-content\/uploads\/2021\/08\/couleur-6-scaled-1-1536x994.jpg\" class=\"attachment-1536x1536 size-1536x1536 wp-image-5622\" alt=\"\" srcset=\"https:\/\/annedrugeon.fr\/wp-content\/uploads\/2021\/08\/couleur-6-scaled-1-1536x994.jpg 1536w, https:\/\/annedrugeon.fr\/wp-content\/uploads\/2021\/08\/couleur-6-scaled-1-300x194.jpg 300w, https:\/\/annedrugeon.fr\/wp-content\/uploads\/2021\/08\/couleur-6-scaled-1-1024x662.jpg 1024w, https:\/\/annedrugeon.fr\/wp-content\/uploads\/2021\/08\/couleur-6-scaled-1-768x497.jpg 768w, https:\/\/annedrugeon.fr\/wp-content\/uploads\/2021\/08\/couleur-6-scaled-1-2048x1325.jpg 2048w, https:\/\/annedrugeon.fr\/wp-content\/uploads\/2021\/08\/couleur-6-scaled-1-600x388.jpg 600w\" sizes=\"(max-width: 1536px) 100vw, 1536px\" \/>\t\t\t\t\t\t\t\t\t\t\t\t\t<\/div>\n\t\t\t\t<\/div>\n\t\t\t\t\t<\/div>\n\t\t<\/div>\n\t\t\t\t\t<\/div>\n\t\t<\/section>\n\t\t\t\t<section class=\"elementor-section elementor-top-section elementor-element elementor-element-2ba7325 elementor-section-boxed elementor-section-height-default elementor-section-height-default qodef-elementor-content-no\" data-id=\"2ba7325\" data-element_type=\"section\">\n\t\t\t\t\t\t<div class=\"elementor-container elementor-column-gap-default\">\n\t\t\t\t\t<div class=\"elementor-column elementor-col-100 elementor-top-column elementor-element elementor-element-5edd736\" data-id=\"5edd736\" data-element_type=\"column\">\n\t\t\t<div class=\"elementor-widget-wrap elementor-element-populated\">\n\t\t\t\t\t\t<div class=\"elementor-element elementor-element-e625f74 elementor-widget elementor-widget-image\" data-id=\"e625f74\" data-element_type=\"widget\" data-widget_type=\"image.default\">\n\t\t\t\t<div class=\"elementor-widget-container\">\n\t\t\t\t\t\t\t\t\t\t\t\t\t<img loading=\"lazy\" decoding=\"async\" width=\"1536\" height=\"568\" src=\"https:\/\/annedrugeon.fr\/wp-content\/uploads\/2021\/08\/couleur-7-scaled-1-1536x568.jpg\" class=\"attachment-1536x1536 size-1536x1536 wp-image-5626\" alt=\"\" srcset=\"https:\/\/annedrugeon.fr\/wp-content\/uploads\/2021\/08\/couleur-7-scaled-1-1536x568.jpg 1536w, https:\/\/annedrugeon.fr\/wp-content\/uploads\/2021\/08\/couleur-7-scaled-1-300x111.jpg 300w, https:\/\/annedrugeon.fr\/wp-content\/uploads\/2021\/08\/couleur-7-scaled-1-1024x379.jpg 1024w, https:\/\/annedrugeon.fr\/wp-content\/uploads\/2021\/08\/couleur-7-scaled-1-768x284.jpg 768w, https:\/\/annedrugeon.fr\/wp-content\/uploads\/2021\/08\/couleur-7-scaled-1-2048x758.jpg 2048w, https:\/\/annedrugeon.fr\/wp-content\/uploads\/2021\/08\/couleur-7-scaled-1-600x222.jpg 600w\" sizes=\"(max-width: 1536px) 100vw, 1536px\" \/>\t\t\t\t\t\t\t\t\t\t\t\t\t<\/div>\n\t\t\t\t<\/div>\n\t\t\t\t\t<\/div>\n\t\t<\/div>\n\t\t\t\t\t<\/div>\n\t\t<\/section>\n\t\t\t\t<section class=\"elementor-section elementor-top-section elementor-element elementor-element-e3b885e elementor-section-boxed elementor-section-height-default elementor-section-height-default qodef-elementor-content-no\" data-id=\"e3b885e\" data-element_type=\"section\">\n\t\t\t\t\t\t<div class=\"elementor-container elementor-column-gap-default\">\n\t\t\t\t\t<div class=\"elementor-column elementor-col-100 elementor-top-column elementor-element elementor-element-123f5f7\" data-id=\"123f5f7\" data-element_type=\"column\">\n\t\t\t<div class=\"elementor-widget-wrap elementor-element-populated\">\n\t\t\t\t\t\t<div class=\"elementor-element elementor-element-214573f elementor-widget elementor-widget-image\" data-id=\"214573f\" data-element_type=\"widget\" data-widget_type=\"image.default\">\n\t\t\t\t<div class=\"elementor-widget-container\">\n\t\t\t\t\t\t\t\t\t\t\t\t\t<img loading=\"lazy\" decoding=\"async\" width=\"1536\" height=\"625\" src=\"https:\/\/annedrugeon.fr\/wp-content\/uploads\/2021\/08\/les-emaux-4-scaled-1-1536x625.jpg\" class=\"attachment-1536x1536 size-1536x1536 wp-image-5630\" alt=\"\" srcset=\"https:\/\/annedrugeon.fr\/wp-content\/uploads\/2021\/08\/les-emaux-4-scaled-1-1536x625.jpg 1536w, https:\/\/annedrugeon.fr\/wp-content\/uploads\/2021\/08\/les-emaux-4-scaled-1-300x122.jpg 300w, https:\/\/annedrugeon.fr\/wp-content\/uploads\/2021\/08\/les-emaux-4-scaled-1-1024x417.jpg 1024w, https:\/\/annedrugeon.fr\/wp-content\/uploads\/2021\/08\/les-emaux-4-scaled-1-768x313.jpg 768w, https:\/\/annedrugeon.fr\/wp-content\/uploads\/2021\/08\/les-emaux-4-scaled-1-2048x834.jpg 2048w, https:\/\/annedrugeon.fr\/wp-content\/uploads\/2021\/08\/les-emaux-4-scaled-1-600x244.jpg 600w\" sizes=\"(max-width: 1536px) 100vw, 1536px\" \/>\t\t\t\t\t\t\t\t\t\t\t\t\t<\/div>\n\t\t\t\t<\/div>\n\t\t\t\t\t<\/div>\n\t\t<\/div>\n\t\t\t\t\t<\/div>\n\t\t<\/section>\n\t\t\t\t<section class=\"elementor-section elementor-top-section elementor-element elementor-element-fcdb5c8 elementor-section-boxed elementor-section-height-default elementor-section-height-default qodef-elementor-content-no\" data-id=\"fcdb5c8\" data-element_type=\"section\">\n\t\t\t\t\t\t<div class=\"elementor-container elementor-column-gap-default\">\n\t\t\t\t\t<div class=\"elementor-column elementor-col-100 elementor-top-column elementor-element elementor-element-73a1929\" data-id=\"73a1929\" data-element_type=\"column\">\n\t\t\t<div class=\"elementor-widget-wrap elementor-element-populated\">\n\t\t\t\t\t\t<div class=\"elementor-element elementor-element-b30bd0c elementor-widget elementor-widget-spacer\" data-id=\"b30bd0c\" data-element_type=\"widget\" data-widget_type=\"spacer.default\">\n\t\t\t\t<div class=\"elementor-widget-container\">\n\t\t\t\t\t<div class=\"elementor-spacer\">\n\t\t\t<div class=\"elementor-spacer-inner\"><\/div>\n\t\t<\/div>\n\t\t\t\t<\/div>\n\t\t\t\t<\/div>\n\t\t\t\t\t<\/div>\n\t\t<\/div>\n\t\t\t\t\t<\/div>\n\t\t<\/section>\n\t\t\t\t<section class=\"elementor-section elementor-top-section elementor-element elementor-element-d005e0e elementor-section-full_width elementor-section-stretched elementor-section-height-default elementor-section-height-default qodef-elementor-content-no\" data-id=\"d005e0e\" data-element_type=\"section\" data-settings=\"{&quot;background_background&quot;:&quot;classic&quot;,&quot;stretch_section&quot;:&quot;section-stretched&quot;}\">\n\t\t\t\t\t\t<div class=\"elementor-container elementor-column-gap-default\">\n\t\t\t\t\t<div class=\"elementor-column elementor-col-33 elementor-top-column elementor-element elementor-element-5c6978a\" data-id=\"5c6978a\" data-element_type=\"column\">\n\t\t\t<div class=\"elementor-widget-wrap elementor-element-populated\">\n\t\t\t\t\t\t<div class=\"elementor-element elementor-element-8a84bc0 elementor-widget elementor-widget-text-editor\" data-id=\"8a84bc0\" data-element_type=\"widget\" data-widget_type=\"text-editor.default\">\n\t\t\t\t<div class=\"elementor-widget-container\">\n\t\t\t\t\t\t\t<h6><strong><span style=\"color: var( --e-global-color-text ); font-family: var( --e-global-typography-text-font-family ), Sans-serif;\">O<\/span>\u00d9 <span style=\"color: var( --e-global-color-text ); font-family: var( --e-global-typography-text-font-family ), Sans-serif;\">TROUVER MES PIECES\u00a0<\/span><\/strong><\/h6><p><em>Le b\u00d4cal &#8211; Concept Store \/ Atelier Show Room<\/em><br \/>4 Rue de la Somme,<br \/>68100 Mulhouse<\/p><p>BZZZT \u2013 Concept Store<br \/>420, Ar Palud<br \/>29870 Land\u00e9da<\/p>\t\t\t\t\t\t<\/div>\n\t\t\t\t<\/div>\n\t\t\t\t\t<\/div>\n\t\t<\/div>\n\t\t\t\t<div class=\"elementor-column elementor-col-33 elementor-top-column elementor-element elementor-element-35f0d7c\" data-id=\"35f0d7c\" data-element_type=\"column\">\n\t\t\t<div class=\"elementor-widget-wrap elementor-element-populated\">\n\t\t\t\t\t\t<div class=\"elementor-element elementor-element-46042bf elementor-widget elementor-widget-text-editor\" data-id=\"46042bf\" data-element_type=\"widget\" data-widget_type=\"text-editor.default\">\n\t\t\t\t<div class=\"elementor-widget-container\">\n\t\t\t\t\t\t\t<h6 style=\"background-color: #30323e;\"><span style=\"font-weight: bolder;\"><span style=\"color: var( --e-global-color-text ); font-family: var( --e-global-typography-text-font-family ), Sans-serif;\">&nbsp;SUIVEZ-MOI!&nbsp;<\/span><\/span><\/h6>\t\t\t\t\t\t<\/div>\n\t\t\t\t<\/div>\n\t\t\t\t<div class=\"elementor-element elementor-element-1adc10d elementor-align-center elementor-widget elementor-widget-button\" data-id=\"1adc10d\" data-element_type=\"widget\" data-widget_type=\"button.default\">\n\t\t\t\t<div class=\"elementor-widget-container\">\n\t\t\t\t\t<div class=\"elementor-button-wrapper\">\n\t\t\t<a class=\"elementor-button elementor-button-link elementor-size-sm\" href=\"https:\/\/www.instagram.com\/annedrugeon\/\">\n\t\t\t\t\t\t<span class=\"elementor-button-content-wrapper\">\n\t\t\t\t\t\t\t\t\t<span class=\"elementor-button-text\">INSTAGRAM<\/span>\n\t\t\t\t\t<\/span>\n\t\t\t\t\t<\/a>\n\t\t<\/div>\n\t\t\t\t<\/div>\n\t\t\t\t<\/div>\n\t\t\t\t<div class=\"elementor-element elementor-element-f4ffcf5 elementor-align-center elementor-widget elementor-widget-button\" data-id=\"f4ffcf5\" data-element_type=\"widget\" data-widget_type=\"button.default\">\n\t\t\t\t<div class=\"elementor-widget-container\">\n\t\t\t\t\t<div class=\"elementor-button-wrapper\">\n\t\t\t<a class=\"elementor-button elementor-button-link elementor-size-sm\" href=\"https:\/\/www.facebook.com\/drugeonceramique\">\n\t\t\t\t\t\t<span class=\"elementor-button-content-wrapper\">\n\t\t\t\t\t\t\t\t\t<span class=\"elementor-button-text\">FACEBOOK <\/span>\n\t\t\t\t\t<\/span>\n\t\t\t\t\t<\/a>\n\t\t<\/div>\n\t\t\t\t<\/div>\n\t\t\t\t<\/div>\n\t\t\t\t\t<\/div>\n\t\t<\/div>\n\t\t\t\t<div class=\"elementor-column elementor-col-33 elementor-top-column elementor-element elementor-element-197f75e\" data-id=\"197f75e\" data-element_type=\"column\">\n\t\t\t<div class=\"elementor-widget-wrap elementor-element-populated\">\n\t\t\t\t\t\t<div class=\"elementor-element elementor-element-3bf6bba elementor-widget elementor-widget-text-editor\" data-id=\"3bf6bba\" data-element_type=\"widget\" data-widget_type=\"text-editor.default\">\n\t\t\t\t<div class=\"elementor-widget-container\">\n\t\t\t\t\t\t\t<h6 style=\"background-color: #30323e;\"><span style=\"font-weight: bolder;\"><span style=\"color: var( --e-global-color-text ); font-family: var( --e-global-typography-text-font-family ), Sans-serif;\">&nbsp; UNE QUESTION ?<\/span><\/span><\/h6>\t\t\t\t\t\t<\/div>\n\t\t\t\t<\/div>\n\t\t\t\t<div class=\"elementor-element elementor-element-5ebce0f elementor-widget elementor-widget-text-editor\" data-id=\"5ebce0f\" data-element_type=\"widget\" data-widget_type=\"text-editor.default\">\n\t\t\t\t<div class=\"elementor-widget-container\">\n\t\t\t\t\t\t\t<p>annedrugeon.ceramique@gmail.com<\/p>\t\t\t\t\t\t<\/div>\n\t\t\t\t<\/div>\n\t\t\t\t<div class=\"elementor-element elementor-element-486e045 elementor-align-center elementor-widget elementor-widget-button\" data-id=\"486e045\" data-element_type=\"widget\" data-widget_type=\"button.default\">\n\t\t\t\t<div class=\"elementor-widget-container\">\n\t\t\t\t\t<div class=\"elementor-button-wrapper\">\n\t\t\t<a class=\"elementor-button elementor-button-link elementor-size-sm\" href=\"https:\/\/annedrugeon.fr\/index.php\/mentions-legales\/\">\n\t\t\t\t\t\t<span class=\"elementor-button-content-wrapper\">\n\t\t\t\t\t\t\t\t\t<span class=\"elementor-button-text\">Mentions l\u00e9gales<\/span>\n\t\t\t\t\t<\/span>\n\t\t\t\t\t<\/a>\n\t\t<\/div>\n\t\t\t\t<\/div>\n\t\t\t\t<\/div>\n\t\t\t\t\t<\/div>\n\t\t<\/div>\n\t\t\t\t\t<\/div>\n\t\t<\/section>\n\t\t\t\t<\/div>\n\t\t","protected":false},"excerpt":{"rendered":"<p>Chroma La collection \u00ab\u00a0CHROMA\u00a0\u00bb nous emm\u00e8ne au coeur de l&rsquo;\u00e9mail pour d\u00e9couvrir ses couleurs vibrantes et ses multiples textures (beurr\u00e9es, opalescentes, brillantes, mattes, tressail\u00e9es&#8230;) \u00a0 Chaque couleur est issue d&rsquo;un m\u00e9lange de mati\u00e8res premi\u00e8res (Silice, alumine, feldspath &#8230;) combin\u00e9e \u00e0 des poudres d&rsquo;oxydes m\u00e9talliques. O\u00d9 TROUVER MES PIECES\u00a0 Le b\u00d4cal &#8211; Concept Store \/ Atelier [&hellip;]<\/p>\n","protected":false},"author":1,"featured_media":0,"parent":0,"menu_order":0,"comment_status":"closed","ping_status":"closed","template":"","meta":{"footnotes":""},"_links":{"self":[{"href":"https:\/\/annedrugeon.fr\/index.php\/wp-json\/wp\/v2\/pages\/5602"}],"collection":[{"href":"https:\/\/annedrugeon.fr\/index.php\/wp-json\/wp\/v2\/pages"}],"about":[{"href":"https:\/\/annedrugeon.fr\/index.php\/wp-json\/wp\/v2\/types\/page"}],"author":[{"embeddable":true,"href":"https:\/\/annedrugeon.fr\/index.php\/wp-json\/wp\/v2\/users\/1"}],"replies":[{"embeddable":true,"href":"https:\/\/annedrugeon.fr\/index.php\/wp-json\/wp\/v2\/comments?post=5602"}],"version-history":[{"count":26,"href":"https:\/\/annedrugeon.fr\/index.php\/wp-json\/wp\/v2\/pages\/5602\/revisions"}],"predecessor-version":[{"id":6549,"href":"https:\/\/annedrugeon.fr\/index.php\/wp-json\/wp\/v2\/pages\/5602\/revisions\/6549"}],"wp:attachment":[{"href":"https:\/\/annedrugeon.fr\/index.php\/wp-json\/wp\/v2\/media?parent=5602"}],"curies":[{"name":"wp","href":"https:\/\/api.w.org\/{rel}","templated":true}]}}