{"id":5539,"date":"2021-08-12T17:36:31","date_gmt":"2021-08-12T15:36:31","guid":{"rendered":"http:\/\/annedrugeon.com\/?page_id=5539"},"modified":"2024-02-01T21:57:16","modified_gmt":"2024-02-01T20:57:16","slug":"graphisme","status":"publish","type":"page","link":"https:\/\/annedrugeon.fr\/index.php\/graphisme\/","title":{"rendered":"Graphisme"},"content":{"rendered":"\t\t<div data-elementor-type=\"wp-page\" data-elementor-id=\"5539\" class=\"elementor elementor-5539\">\n\t\t\t\t\t\t<section class=\"elementor-section elementor-top-section elementor-element elementor-element-d228822 elementor-section-boxed elementor-section-height-default elementor-section-height-default qodef-elementor-content-no\" data-id=\"d228822\" data-element_type=\"section\">\n\t\t\t\t\t\t<div class=\"elementor-container elementor-column-gap-default\">\n\t\t\t\t\t<div class=\"elementor-column elementor-col-100 elementor-top-column elementor-element elementor-element-2319cf9\" data-id=\"2319cf9\" data-element_type=\"column\">\n\t\t\t<div class=\"elementor-widget-wrap elementor-element-populated\">\n\t\t\t\t\t\t<div class=\"elementor-element elementor-element-652f0b8 elementor-widget elementor-widget-text-editor\" data-id=\"652f0b8\" data-element_type=\"widget\" data-widget_type=\"text-editor.default\">\n\t\t\t\t<div class=\"elementor-widget-container\">\n\t\t\t\t\t\t\t<h2>Graphisme<\/h2><p>\u00a0<\/p><p>Cette collection s&rsquo;est nourrie dans le crayonnement intuitif de mes carnets de croquis, remplis et d\u00e9clin\u00e9s pages apr\u00e8s pages.\u00a0<\/p><p>Puis elle a pris forme dans le cadre de l&rsquo;objet et dans la rencontre de la porcelaine et du jus d&rsquo;oxyde.<\/p>\t\t\t\t\t\t<\/div>\n\t\t\t\t<\/div>\n\t\t\t\t\t<\/div>\n\t\t<\/div>\n\t\t\t\t\t<\/div>\n\t\t<\/section>\n\t\t\t\t<section class=\"elementor-section elementor-top-section elementor-element elementor-element-40d0d47 elementor-section-boxed elementor-section-height-default elementor-section-height-default qodef-elementor-content-no\" data-id=\"40d0d47\" data-element_type=\"section\">\n\t\t\t\t\t\t<div class=\"elementor-container elementor-column-gap-default\">\n\t\t\t\t\t<div class=\"elementor-column elementor-col-100 elementor-top-column elementor-element elementor-element-b5ad010\" data-id=\"b5ad010\" data-element_type=\"column\">\n\t\t\t<div class=\"elementor-widget-wrap elementor-element-populated\">\n\t\t\t\t\t\t<div class=\"elementor-element elementor-element-3c03609 elementor-widget elementor-widget-image\" data-id=\"3c03609\" data-element_type=\"widget\" data-widget_type=\"image.default\">\n\t\t\t\t<div class=\"elementor-widget-container\">\n\t\t\t\t\t\t\t\t\t\t\t\t\t<img fetchpriority=\"high\" decoding=\"async\" width=\"1300\" height=\"650\" src=\"https:\/\/annedrugeon.fr\/wp-content\/uploads\/2021\/08\/motif-1-scaled-1-1300x650.jpg\" class=\"attachment-makao_image_size_landscape size-makao_image_size_landscape wp-image-5551\" alt=\"\" \/>\t\t\t\t\t\t\t\t\t\t\t\t\t<\/div>\n\t\t\t\t<\/div>\n\t\t\t\t\t<\/div>\n\t\t<\/div>\n\t\t\t\t\t<\/div>\n\t\t<\/section>\n\t\t\t\t<section class=\"elementor-section elementor-top-section elementor-element elementor-element-faf3a81 elementor-section-boxed elementor-section-height-default elementor-section-height-default qodef-elementor-content-no\" data-id=\"faf3a81\" data-element_type=\"section\">\n\t\t\t\t\t\t<div class=\"elementor-container elementor-column-gap-default\">\n\t\t\t\t\t<div class=\"elementor-column elementor-col-100 elementor-top-column elementor-element elementor-element-d82b6a7\" data-id=\"d82b6a7\" data-element_type=\"column\">\n\t\t\t<div class=\"elementor-widget-wrap elementor-element-populated\">\n\t\t\t\t\t\t<div class=\"elementor-element elementor-element-6191df7 elementor-widget elementor-widget-image\" data-id=\"6191df7\" data-element_type=\"widget\" data-widget_type=\"image.default\">\n\t\t\t\t<div class=\"elementor-widget-container\">\n\t\t\t\t\t\t\t\t\t\t\t\t\t<img decoding=\"async\" width=\"1300\" height=\"650\" src=\"https:\/\/annedrugeon.fr\/wp-content\/uploads\/2021\/08\/graphisme-2-scaled-1-1300x650.jpg\" class=\"attachment-makao_image_size_landscape size-makao_image_size_landscape wp-image-5552\" alt=\"\" \/>\t\t\t\t\t\t\t\t\t\t\t\t\t<\/div>\n\t\t\t\t<\/div>\n\t\t\t\t\t<\/div>\n\t\t<\/div>\n\t\t\t\t\t<\/div>\n\t\t<\/section>\n\t\t\t\t<section class=\"elementor-section elementor-top-section elementor-element elementor-element-b0773cf elementor-section-boxed elementor-section-height-default elementor-section-height-default qodef-elementor-content-no\" data-id=\"b0773cf\" data-element_type=\"section\">\n\t\t\t\t\t\t<div class=\"elementor-container elementor-column-gap-default\">\n\t\t\t\t\t<div class=\"elementor-column elementor-col-100 elementor-top-column elementor-element elementor-element-7103f9d\" data-id=\"7103f9d\" data-element_type=\"column\">\n\t\t\t<div class=\"elementor-widget-wrap elementor-element-populated\">\n\t\t\t\t\t\t<div class=\"elementor-element elementor-element-29ae31c elementor-widget elementor-widget-image\" data-id=\"29ae31c\" data-element_type=\"widget\" data-widget_type=\"image.default\">\n\t\t\t\t<div class=\"elementor-widget-container\">\n\t\t\t\t\t\t\t\t\t\t\t\t\t<img decoding=\"async\" width=\"1300\" height=\"650\" src=\"https:\/\/annedrugeon.fr\/wp-content\/uploads\/2021\/08\/graphisme-3-scaled-1-1300x650.jpg\" class=\"attachment-makao_image_size_landscape size-makao_image_size_landscape wp-image-5553\" alt=\"\" \/>\t\t\t\t\t\t\t\t\t\t\t\t\t<\/div>\n\t\t\t\t<\/div>\n\t\t\t\t\t<\/div>\n\t\t<\/div>\n\t\t\t\t\t<\/div>\n\t\t<\/section>\n\t\t\t\t<section class=\"elementor-section elementor-top-section elementor-element elementor-element-a2a8d08 elementor-section-boxed elementor-section-height-default elementor-section-height-default qodef-elementor-content-no\" data-id=\"a2a8d08\" data-element_type=\"section\">\n\t\t\t\t\t\t<div class=\"elementor-container elementor-column-gap-default\">\n\t\t\t\t\t<div class=\"elementor-column elementor-col-100 elementor-top-column elementor-element elementor-element-7515db4\" data-id=\"7515db4\" data-element_type=\"column\">\n\t\t\t<div class=\"elementor-widget-wrap elementor-element-populated\">\n\t\t\t\t\t\t<div class=\"elementor-element elementor-element-90d08eb elementor-widget elementor-widget-image\" data-id=\"90d08eb\" data-element_type=\"widget\" data-widget_type=\"image.default\">\n\t\t\t\t<div class=\"elementor-widget-container\">\n\t\t\t\t\t\t\t\t\t\t\t\t\t<img loading=\"lazy\" decoding=\"async\" width=\"2048\" height=\"747\" src=\"https:\/\/annedrugeon.fr\/wp-content\/uploads\/2021\/08\/les-graphiques-6-scaled-1-2048x747.jpg\" class=\"attachment-2048x2048 size-2048x2048 wp-image-5554\" alt=\"\" srcset=\"https:\/\/annedrugeon.fr\/wp-content\/uploads\/2021\/08\/les-graphiques-6-scaled-1-2048x747.jpg 2048w, https:\/\/annedrugeon.fr\/wp-content\/uploads\/2021\/08\/les-graphiques-6-scaled-1-300x109.jpg 300w, https:\/\/annedrugeon.fr\/wp-content\/uploads\/2021\/08\/les-graphiques-6-scaled-1-1024x374.jpg 1024w, https:\/\/annedrugeon.fr\/wp-content\/uploads\/2021\/08\/les-graphiques-6-scaled-1-768x280.jpg 768w, https:\/\/annedrugeon.fr\/wp-content\/uploads\/2021\/08\/les-graphiques-6-scaled-1-1536x560.jpg 1536w, https:\/\/annedrugeon.fr\/wp-content\/uploads\/2021\/08\/les-graphiques-6-scaled-1-600x219.jpg 600w\" sizes=\"(max-width: 2048px) 100vw, 2048px\" \/>\t\t\t\t\t\t\t\t\t\t\t\t\t<\/div>\n\t\t\t\t<\/div>\n\t\t\t\t\t<\/div>\n\t\t<\/div>\n\t\t\t\t\t<\/div>\n\t\t<\/section>\n\t\t\t\t<section class=\"elementor-section elementor-top-section elementor-element elementor-element-aeaa25a elementor-section-boxed elementor-section-height-default elementor-section-height-default qodef-elementor-content-no\" data-id=\"aeaa25a\" data-element_type=\"section\">\n\t\t\t\t\t\t<div class=\"elementor-container elementor-column-gap-default\">\n\t\t\t\t\t<div class=\"elementor-column elementor-col-100 elementor-top-column elementor-element elementor-element-342ebc4\" data-id=\"342ebc4\" data-element_type=\"column\">\n\t\t\t<div class=\"elementor-widget-wrap elementor-element-populated\">\n\t\t\t\t\t\t<div class=\"elementor-element elementor-element-82ebe8b elementor-widget elementor-widget-image\" data-id=\"82ebe8b\" data-element_type=\"widget\" data-widget_type=\"image.default\">\n\t\t\t\t<div class=\"elementor-widget-container\">\n\t\t\t\t\t\t\t\t\t\t\t\t\t<img loading=\"lazy\" decoding=\"async\" width=\"2048\" height=\"1363\" src=\"https:\/\/annedrugeon.fr\/wp-content\/uploads\/2021\/08\/les-graphiques-4-scaled-1-2048x1363.jpg\" class=\"attachment-2048x2048 size-2048x2048 wp-image-5555\" alt=\"\" srcset=\"https:\/\/annedrugeon.fr\/wp-content\/uploads\/2021\/08\/les-graphiques-4-scaled-1-2048x1363.jpg 2048w, https:\/\/annedrugeon.fr\/wp-content\/uploads\/2021\/08\/les-graphiques-4-scaled-1-300x200.jpg 300w, https:\/\/annedrugeon.fr\/wp-content\/uploads\/2021\/08\/les-graphiques-4-scaled-1-1024x682.jpg 1024w, https:\/\/annedrugeon.fr\/wp-content\/uploads\/2021\/08\/les-graphiques-4-scaled-1-768x511.jpg 768w, https:\/\/annedrugeon.fr\/wp-content\/uploads\/2021\/08\/les-graphiques-4-scaled-1-1536x1022.jpg 1536w, https:\/\/annedrugeon.fr\/wp-content\/uploads\/2021\/08\/les-graphiques-4-scaled-1-600x399.jpg 600w\" sizes=\"(max-width: 2048px) 100vw, 2048px\" \/>\t\t\t\t\t\t\t\t\t\t\t\t\t<\/div>\n\t\t\t\t<\/div>\n\t\t\t\t\t<\/div>\n\t\t<\/div>\n\t\t\t\t\t<\/div>\n\t\t<\/section>\n\t\t\t\t<section class=\"elementor-section elementor-top-section elementor-element elementor-element-b4aec0d elementor-section-boxed elementor-section-height-default elementor-section-height-default qodef-elementor-content-no\" data-id=\"b4aec0d\" data-element_type=\"section\">\n\t\t\t\t\t\t<div class=\"elementor-container elementor-column-gap-default\">\n\t\t\t\t\t<div class=\"elementor-column elementor-col-100 elementor-top-column elementor-element elementor-element-2102e93\" data-id=\"2102e93\" data-element_type=\"column\">\n\t\t\t<div class=\"elementor-widget-wrap elementor-element-populated\">\n\t\t\t\t\t\t<div class=\"elementor-element elementor-element-9e06c59 elementor-widget elementor-widget-image\" data-id=\"9e06c59\" data-element_type=\"widget\" data-widget_type=\"image.default\">\n\t\t\t\t<div class=\"elementor-widget-container\">\n\t\t\t\t\t\t\t\t\t\t\t\t\t<img loading=\"lazy\" decoding=\"async\" width=\"2048\" height=\"1366\" src=\"https:\/\/annedrugeon.fr\/wp-content\/uploads\/2021\/08\/30-scaled-1-2048x1366.jpg\" class=\"attachment-2048x2048 size-2048x2048 wp-image-5556\" alt=\"\" srcset=\"https:\/\/annedrugeon.fr\/wp-content\/uploads\/2021\/08\/30-scaled-1-2048x1366.jpg 2048w, https:\/\/annedrugeon.fr\/wp-content\/uploads\/2021\/08\/30-scaled-1-300x200.jpg 300w, https:\/\/annedrugeon.fr\/wp-content\/uploads\/2021\/08\/30-scaled-1-1024x683.jpg 1024w, https:\/\/annedrugeon.fr\/wp-content\/uploads\/2021\/08\/30-scaled-1-768x512.jpg 768w, https:\/\/annedrugeon.fr\/wp-content\/uploads\/2021\/08\/30-scaled-1-1536x1024.jpg 1536w, https:\/\/annedrugeon.fr\/wp-content\/uploads\/2021\/08\/30-scaled-1-600x400.jpg 600w\" sizes=\"(max-width: 2048px) 100vw, 2048px\" \/>\t\t\t\t\t\t\t\t\t\t\t\t\t<\/div>\n\t\t\t\t<\/div>\n\t\t\t\t\t<\/div>\n\t\t<\/div>\n\t\t\t\t\t<\/div>\n\t\t<\/section>\n\t\t\t\t<section class=\"elementor-section elementor-top-section elementor-element elementor-element-7bc0c15 elementor-section-boxed elementor-section-height-default elementor-section-height-default qodef-elementor-content-no\" data-id=\"7bc0c15\" data-element_type=\"section\">\n\t\t\t\t\t\t<div class=\"elementor-container elementor-column-gap-default\">\n\t\t\t\t\t<div class=\"elementor-column elementor-col-100 elementor-top-column elementor-element elementor-element-c217507\" data-id=\"c217507\" data-element_type=\"column\">\n\t\t\t<div class=\"elementor-widget-wrap elementor-element-populated\">\n\t\t\t\t\t\t<div class=\"elementor-element elementor-element-04fb717 elementor-widget elementor-widget-spacer\" data-id=\"04fb717\" data-element_type=\"widget\" data-widget_type=\"spacer.default\">\n\t\t\t\t<div class=\"elementor-widget-container\">\n\t\t\t\t\t<div class=\"elementor-spacer\">\n\t\t\t<div class=\"elementor-spacer-inner\"><\/div>\n\t\t<\/div>\n\t\t\t\t<\/div>\n\t\t\t\t<\/div>\n\t\t\t\t\t<\/div>\n\t\t<\/div>\n\t\t\t\t\t<\/div>\n\t\t<\/section>\n\t\t\t\t<section class=\"elementor-section elementor-top-section elementor-element elementor-element-893e889 elementor-section-full_width elementor-section-stretched elementor-section-height-default elementor-section-height-default qodef-elementor-content-no\" data-id=\"893e889\" data-element_type=\"section\" data-settings=\"{&quot;background_background&quot;:&quot;classic&quot;,&quot;stretch_section&quot;:&quot;section-stretched&quot;}\">\n\t\t\t\t\t\t<div class=\"elementor-container elementor-column-gap-default\">\n\t\t\t\t\t<div class=\"elementor-column elementor-col-33 elementor-top-column elementor-element elementor-element-b64ac52\" data-id=\"b64ac52\" data-element_type=\"column\">\n\t\t\t<div class=\"elementor-widget-wrap elementor-element-populated\">\n\t\t\t\t\t\t<div class=\"elementor-element elementor-element-6a4af6a elementor-widget elementor-widget-text-editor\" data-id=\"6a4af6a\" data-element_type=\"widget\" data-widget_type=\"text-editor.default\">\n\t\t\t\t<div class=\"elementor-widget-container\">\n\t\t\t\t\t\t\t<h6><strong><span style=\"color: var( --e-global-color-text ); font-family: var( --e-global-typography-text-font-family ), Sans-serif;\">O<\/span>\u00d9 <span style=\"color: var( --e-global-color-text ); font-family: var( --e-global-typography-text-font-family ), Sans-serif;\">TROUVER MES PIECES\u00a0<\/span><\/strong><\/h6><p><em>Le b\u00d4cal &#8211; Concept Store \/ Atelier Show Room<\/em><br \/>4 Rue de la Somme,<br \/>68100 Mulhouse<\/p><p>BZZZT \u2013 Concept Store<br \/>420, Ar Palud<br \/>29870 Land\u00e9da<\/p>\t\t\t\t\t\t<\/div>\n\t\t\t\t<\/div>\n\t\t\t\t\t<\/div>\n\t\t<\/div>\n\t\t\t\t<div class=\"elementor-column elementor-col-33 elementor-top-column elementor-element elementor-element-144c979\" data-id=\"144c979\" data-element_type=\"column\">\n\t\t\t<div class=\"elementor-widget-wrap elementor-element-populated\">\n\t\t\t\t\t\t<div class=\"elementor-element elementor-element-c32b6d7 elementor-widget elementor-widget-text-editor\" data-id=\"c32b6d7\" data-element_type=\"widget\" data-widget_type=\"text-editor.default\">\n\t\t\t\t<div class=\"elementor-widget-container\">\n\t\t\t\t\t\t\t<h6 style=\"background-color: #30323e;\"><span style=\"font-weight: bolder;\"><span style=\"color: var( --e-global-color-text ); font-family: var( --e-global-typography-text-font-family ), Sans-serif;\">&nbsp;SUIVEZ-MOI!&nbsp;<\/span><\/span><\/h6>\t\t\t\t\t\t<\/div>\n\t\t\t\t<\/div>\n\t\t\t\t<div class=\"elementor-element elementor-element-2bfd1ff elementor-align-center elementor-widget elementor-widget-button\" data-id=\"2bfd1ff\" data-element_type=\"widget\" data-widget_type=\"button.default\">\n\t\t\t\t<div class=\"elementor-widget-container\">\n\t\t\t\t\t<div class=\"elementor-button-wrapper\">\n\t\t\t<a class=\"elementor-button elementor-button-link elementor-size-sm\" href=\"https:\/\/www.instagram.com\/annedrugeon\/\">\n\t\t\t\t\t\t<span class=\"elementor-button-content-wrapper\">\n\t\t\t\t\t\t\t\t\t<span class=\"elementor-button-text\">INSTAGRAM<\/span>\n\t\t\t\t\t<\/span>\n\t\t\t\t\t<\/a>\n\t\t<\/div>\n\t\t\t\t<\/div>\n\t\t\t\t<\/div>\n\t\t\t\t<div class=\"elementor-element elementor-element-df5e606 elementor-align-center elementor-widget elementor-widget-button\" data-id=\"df5e606\" data-element_type=\"widget\" data-widget_type=\"button.default\">\n\t\t\t\t<div class=\"elementor-widget-container\">\n\t\t\t\t\t<div class=\"elementor-button-wrapper\">\n\t\t\t<a class=\"elementor-button elementor-button-link elementor-size-sm\" href=\"https:\/\/www.facebook.com\/drugeonceramique\">\n\t\t\t\t\t\t<span class=\"elementor-button-content-wrapper\">\n\t\t\t\t\t\t\t\t\t<span class=\"elementor-button-text\">FACEBOOK <\/span>\n\t\t\t\t\t<\/span>\n\t\t\t\t\t<\/a>\n\t\t<\/div>\n\t\t\t\t<\/div>\n\t\t\t\t<\/div>\n\t\t\t\t\t<\/div>\n\t\t<\/div>\n\t\t\t\t<div class=\"elementor-column elementor-col-33 elementor-top-column elementor-element elementor-element-0ac7ddf\" data-id=\"0ac7ddf\" data-element_type=\"column\">\n\t\t\t<div class=\"elementor-widget-wrap elementor-element-populated\">\n\t\t\t\t\t\t<div class=\"elementor-element elementor-element-546d050 elementor-widget elementor-widget-text-editor\" data-id=\"546d050\" data-element_type=\"widget\" data-widget_type=\"text-editor.default\">\n\t\t\t\t<div class=\"elementor-widget-container\">\n\t\t\t\t\t\t\t<h6 style=\"background-color: #30323e;\"><span style=\"font-weight: bolder;\"><span style=\"color: var( --e-global-color-text ); font-family: var( --e-global-typography-text-font-family ), Sans-serif;\">&nbsp; UNE QUESTION ?<\/span><\/span><\/h6>\t\t\t\t\t\t<\/div>\n\t\t\t\t<\/div>\n\t\t\t\t<div class=\"elementor-element elementor-element-104cb29 elementor-widget elementor-widget-text-editor\" data-id=\"104cb29\" data-element_type=\"widget\" data-widget_type=\"text-editor.default\">\n\t\t\t\t<div class=\"elementor-widget-container\">\n\t\t\t\t\t\t\t<p>annedrugeon.ceramique@gmail.com<\/p>\t\t\t\t\t\t<\/div>\n\t\t\t\t<\/div>\n\t\t\t\t<div class=\"elementor-element elementor-element-4968b61 elementor-align-center elementor-widget elementor-widget-button\" data-id=\"4968b61\" data-element_type=\"widget\" data-widget_type=\"button.default\">\n\t\t\t\t<div class=\"elementor-widget-container\">\n\t\t\t\t\t<div class=\"elementor-button-wrapper\">\n\t\t\t<a class=\"elementor-button elementor-button-link elementor-size-sm\" href=\"https:\/\/annedrugeon.fr\/index.php\/mentions-legales\/\">\n\t\t\t\t\t\t<span class=\"elementor-button-content-wrapper\">\n\t\t\t\t\t\t\t\t\t<span class=\"elementor-button-text\">Mentions l\u00e9gales<\/span>\n\t\t\t\t\t<\/span>\n\t\t\t\t\t<\/a>\n\t\t<\/div>\n\t\t\t\t<\/div>\n\t\t\t\t<\/div>\n\t\t\t\t\t<\/div>\n\t\t<\/div>\n\t\t\t\t\t<\/div>\n\t\t<\/section>\n\t\t\t\t<\/div>\n\t\t","protected":false},"excerpt":{"rendered":"<p>Graphisme \u00a0 Cette collection s&rsquo;est nourrie dans le crayonnement intuitif de mes carnets de croquis, remplis et d\u00e9clin\u00e9s pages apr\u00e8s pages.\u00a0 Puis elle a pris forme dans le cadre de l&rsquo;objet et dans la rencontre de la porcelaine et du jus d&rsquo;oxyde. O\u00d9 TROUVER MES PIECES\u00a0 Le b\u00d4cal &#8211; Concept Store \/ Atelier Show Room4 [&hellip;]<\/p>\n","protected":false},"author":1,"featured_media":0,"parent":0,"menu_order":0,"comment_status":"closed","ping_status":"closed","template":"","meta":{"footnotes":""},"_links":{"self":[{"href":"https:\/\/annedrugeon.fr\/index.php\/wp-json\/wp\/v2\/pages\/5539"}],"collection":[{"href":"https:\/\/annedrugeon.fr\/index.php\/wp-json\/wp\/v2\/pages"}],"about":[{"href":"https:\/\/annedrugeon.fr\/index.php\/wp-json\/wp\/v2\/types\/page"}],"author":[{"embeddable":true,"href":"https:\/\/annedrugeon.fr\/index.php\/wp-json\/wp\/v2\/users\/1"}],"replies":[{"embeddable":true,"href":"https:\/\/annedrugeon.fr\/index.php\/wp-json\/wp\/v2\/comments?post=5539"}],"version-history":[{"count":24,"href":"https:\/\/annedrugeon.fr\/index.php\/wp-json\/wp\/v2\/pages\/5539\/revisions"}],"predecessor-version":[{"id":6552,"href":"https:\/\/annedrugeon.fr\/index.php\/wp-json\/wp\/v2\/pages\/5539\/revisions\/6552"}],"wp:attachment":[{"href":"https:\/\/annedrugeon.fr\/index.php\/wp-json\/wp\/v2\/media?parent=5539"}],"curies":[{"name":"wp","href":"https:\/\/api.w.org\/{rel}","templated":true}]}}